{"id":5321,"date":"2024-02-14T17:31:03","date_gmt":"2024-02-14T16:31:03","guid":{"rendered":"https:\/\/camping-chateau-oseraie.fr\/avis-clients\/"},"modified":"2026-04-14T18:51:53","modified_gmt":"2026-04-14T16:51:53","slug":"klantbeoordelingen","status":"publish","type":"page","link":"https:\/\/camping-chateau-oseraie.fr\/nl\/klantbeoordelingen\/","title":{"rendered":"Klantbeoordelingen"},"content":{"rendered":"\n<style type=\"text\/css\" data-created_by=\"avia_inline_auto\" id=\"style-css-av-lqqjcot8-dd8303e7818d6fa6002e8b3f3c7879c8\">\n.avia-section.av-lqqjcot8-dd8303e7818d6fa6002e8b3f3c7879c8{\nbackground-color:#f8f8f8;\nbackground-image:unset;\nmargin-top:0px;\nmargin-bottom:0px;\n}\n<\/style>\n<div id='av_section_1'  class='avia-section av-lqqjcot8-dd8303e7818d6fa6002e8b3f3c7879c8 main_color avia-section-default avia-no-border-styling  avia-builder-el-0  avia-builder-el-no-sibling  avia-bg-style-scroll container_wrap fullsize'  ><div class='container av-section-cont-open' ><main  role=\"main\" itemprop=\"mainContentOfPage\"  class='template-page content  av-content-full alpha units'><div class='post-entry post-entry-type-page post-entry-5321'><div class='entry-content-wrapper clearfix'>\n\n<style type=\"text\/css\" data-created_by=\"avia_inline_auto\" id=\"style-css-av-lqqh2jzx-97543766e2b7eda29149c31b1b10ceff\">\n#top .av-special-heading.av-lqqh2jzx-97543766e2b7eda29149c31b1b10ceff{\npadding-bottom:10px;\n}\nbody .av-special-heading.av-lqqh2jzx-97543766e2b7eda29149c31b1b10ceff .av-special-heading-tag .heading-char{\nfont-size:25px;\n}\n.av-special-heading.av-lqqh2jzx-97543766e2b7eda29149c31b1b10ceff .av-subheading{\nfont-size:15px;\n}\n<\/style>\n<div  class='av-special-heading av-lqqh2jzx-97543766e2b7eda29149c31b1b10ceff av-special-heading-h1 blockquote modern-quote modern-centered  avia-builder-el-1  el_before_av_hr  avia-builder-el-first '><h1 class='av-special-heading-tag '  itemprop=\"headline\"  >Klantbeoordelingen<\/h1><div class=\"special-heading-border\"><div class=\"special-heading-inner-border\"><\/div><\/div><\/div>\n\n<style type=\"text\/css\" data-created_by=\"avia_inline_auto\" id=\"style-css-av-lqqh4f1h-b140c8c86ada5e5b86920de1a67000ba\">\n#top .hr.av-lqqh4f1h-b140c8c86ada5e5b86920de1a67000ba{\nmargin-top:0;\nmargin-bottom:0;\n}\n.hr.av-lqqh4f1h-b140c8c86ada5e5b86920de1a67000ba .hr-inner{\nwidth:150px;\nborder-color:#598ecb;\n}\n<\/style>\n<div  class='hr av-lqqh4f1h-b140c8c86ada5e5b86920de1a67000ba hr-custom  avia-builder-el-2  el_after_av_heading  el_before_av_one_full  hr-center hr-icon-no'><span class='hr-inner inner-border-av-border-thin'><span class=\"hr-inner-style\"><\/span><\/span><\/div>\n<div  class='flex_column av-2brcbq-6a2da1d43cf78e4fabccf55015514b23 av_one_full  avia-builder-el-3  el_after_av_hr  avia-builder-el-last  first flex_column_div  '     ><\/div>\n","protected":false},"excerpt":{"rendered":"","protected":false},"author":3,"featured_media":0,"parent":0,"menu_order":0,"comment_status":"closed","ping_status":"closed","template":"","meta":{"footnotes":""},"class_list":["post-5321","page","type-page","status-publish","hentry"],"yoast_head":"<!-- This site is optimized with the Yoast SEO plugin v27.4 - https:\/\/yoast.com\/product\/yoast-seo-wordpress\/ -->\n<title>Klantenbeoordelingen van de driesterrencamping nabij P\u00e9ronne Ch\u00e2teau de l&#039;Oseraie<\/title>\n<meta name=\"description\" content=\"Ontdek alle beoordelingen van de campinggasten *** Ch\u00e2teau de l&#039;Oseraie met verwarmd zwembad, vlakbij P\u00e9ronne en de snelweg A1 aan de Somme\" \/>\n<meta name=\"robots\" content=\"index, follow, max-snippet:-1, max-image-preview:large, max-video-preview:-1\" \/>\n<link rel=\"canonical\" href=\"https:\/\/camping-chateau-oseraie.fr\/nl\/klantbeoordelingen\/\" \/>\n<meta property=\"og:locale\" content=\"nl_NL\" \/>\n<meta property=\"og:type\" content=\"article\" \/>\n<meta property=\"og:title\" content=\"Klantenbeoordelingen van de driesterrencamping nabij P\u00e9ronne Ch\u00e2teau de l&#039;Oseraie\" \/>\n<meta property=\"og:description\" content=\"Ontdek alle beoordelingen van de campinggasten *** Ch\u00e2teau de l&#039;Oseraie met verwarmd zwembad, vlakbij P\u00e9ronne en de snelweg A1 aan de Somme\" \/>\n<meta property=\"og:url\" content=\"https:\/\/camping-chateau-oseraie.fr\/nl\/klantbeoordelingen\/\" \/>\n<meta property=\"og:site_name\" content=\"Camping *** Ch\u00e2teau de l&#039;Oseraie\" \/>\n<meta property=\"article:publisher\" content=\"https:\/\/www.facebook.com\/CampingChateauOseraie\" \/>\n<meta property=\"article:modified_time\" content=\"2026-04-14T16:51:53+00:00\" \/>\n<meta property=\"og:image\" content=\"https:\/\/camping-chateau-oseraie.fr\/wp-content\/uploads\/2023\/12\/vignette-services.jpg\" \/>\n\t<meta property=\"og:image:width\" content=\"800\" \/>\n\t<meta property=\"og:image:height\" content=\"800\" \/>\n\t<meta property=\"og:image:type\" content=\"image\/jpeg\" \/>\n<meta name=\"twitter:card\" content=\"summary_large_image\" \/>\n<meta name=\"twitter:label1\" content=\"Geschatte leestijd\" \/>\n\t<meta name=\"twitter:data1\" content=\"1 minuut\" \/>\n<script type=\"application\/ld+json\" class=\"yoast-schema-graph\">{\"@context\":\"https:\\\/\\\/schema.org\",\"@graph\":[{\"@type\":\"WebPage\",\"@id\":\"https:\\\/\\\/camping-chateau-oseraie.fr\\\/nl\\\/klantbeoordelingen\\\/\",\"url\":\"https:\\\/\\\/camping-chateau-oseraie.fr\\\/nl\\\/klantbeoordelingen\\\/\",\"name\":\"Klantenbeoordelingen van de driesterrencamping nabij P\u00e9ronne Ch\u00e2teau de l'Oseraie\",\"isPartOf\":{\"@id\":\"https:\\\/\\\/camping-chateau-oseraie.fr\\\/#website\"},\"datePublished\":\"2024-02-14T16:31:03+00:00\",\"dateModified\":\"2026-04-14T16:51:53+00:00\",\"description\":\"Ontdek alle beoordelingen van de campinggasten *** Ch\u00e2teau de l'Oseraie met verwarmd zwembad, vlakbij P\u00e9ronne en de snelweg A1 aan de Somme\",\"breadcrumb\":{\"@id\":\"https:\\\/\\\/camping-chateau-oseraie.fr\\\/nl\\\/klantbeoordelingen\\\/#breadcrumb\"},\"inLanguage\":\"nl-NL\",\"potentialAction\":[{\"@type\":\"ReadAction\",\"target\":[\"https:\\\/\\\/camping-chateau-oseraie.fr\\\/nl\\\/klantbeoordelingen\\\/\"]}]},{\"@type\":\"BreadcrumbList\",\"@id\":\"https:\\\/\\\/camping-chateau-oseraie.fr\\\/nl\\\/klantbeoordelingen\\\/#breadcrumb\",\"itemListElement\":[{\"@type\":\"ListItem\",\"position\":1,\"name\":\"Accueil\",\"item\":\"https:\\\/\\\/camping-chateau-oseraie.fr\\\/nl\\\/\"},{\"@type\":\"ListItem\",\"position\":2,\"name\":\"Klantbeoordelingen\"}]},{\"@type\":\"WebSite\",\"@id\":\"https:\\\/\\\/camping-chateau-oseraie.fr\\\/#website\",\"url\":\"https:\\\/\\\/camping-chateau-oseraie.fr\\\/\",\"name\":\"Camping*** Ch\u00e2teau de l'Oseraie\",\"description\":\"Camping *** Ch\u00e2teau de l&#039;Oseraie\",\"publisher\":{\"@id\":\"https:\\\/\\\/camping-chateau-oseraie.fr\\\/#organization\"},\"alternateName\":\"Camping pr\u00e8s de P\u00e9ronne et de l'autoroute A1\",\"potentialAction\":[{\"@type\":\"SearchAction\",\"target\":{\"@type\":\"EntryPoint\",\"urlTemplate\":\"https:\\\/\\\/camping-chateau-oseraie.fr\\\/?s={search_term_string}\"},\"query-input\":{\"@type\":\"PropertyValueSpecification\",\"valueRequired\":true,\"valueName\":\"search_term_string\"}}],\"inLanguage\":\"nl-NL\"},{\"@type\":\"Organization\",\"@id\":\"https:\\\/\\\/camping-chateau-oseraie.fr\\\/#organization\",\"name\":\"Camping *** Ch\u00e2teau de l'Oseraie\",\"alternateName\":\"Ch\u00e2teau de l'Oseraie, Camping 3 \u00e9toiles\",\"url\":\"https:\\\/\\\/camping-chateau-oseraie.fr\\\/\",\"logo\":{\"@type\":\"ImageObject\",\"inLanguage\":\"nl-NL\",\"@id\":\"https:\\\/\\\/camping-chateau-oseraie.fr\\\/#\\\/schema\\\/logo\\\/image\\\/\",\"url\":\"https:\\\/\\\/camping-chateau-oseraie.fr\\\/wp-content\\\/uploads\\\/2024\\\/02\\\/logo-chateau-oseraie-jaune.png\",\"contentUrl\":\"https:\\\/\\\/camping-chateau-oseraie.fr\\\/wp-content\\\/uploads\\\/2024\\\/02\\\/logo-chateau-oseraie-jaune.png\",\"width\":169,\"height\":220,\"caption\":\"Camping *** Ch\u00e2teau de l'Oseraie\"},\"image\":{\"@id\":\"https:\\\/\\\/camping-chateau-oseraie.fr\\\/#\\\/schema\\\/logo\\\/image\\\/\"},\"sameAs\":[\"https:\\\/\\\/www.facebook.com\\\/CampingChateauOseraie\",\"https:\\\/\\\/www.instagram.com\\\/camping_chateau_et_oseraie\\\/\"]}]}<\/script>\n<!-- \/ Yoast SEO plugin. -->","yoast_head_json":{"title":"Klantenbeoordelingen van de driesterrencamping nabij P\u00e9ronne Ch\u00e2teau de l'Oseraie","description":"Ontdek alle beoordelingen van de campinggasten *** Ch\u00e2teau de l'Oseraie met verwarmd zwembad, vlakbij P\u00e9ronne en de snelweg A1 aan de Somme","robots":{"index":"index","follow":"follow","max-snippet":"max-snippet:-1","max-image-preview":"max-image-preview:large","max-video-preview":"max-video-preview:-1"},"canonical":"https:\/\/camping-chateau-oseraie.fr\/nl\/klantbeoordelingen\/","og_locale":"nl_NL","og_type":"article","og_title":"Klantenbeoordelingen van de driesterrencamping nabij P\u00e9ronne Ch\u00e2teau de l'Oseraie","og_description":"Ontdek alle beoordelingen van de campinggasten *** Ch\u00e2teau de l'Oseraie met verwarmd zwembad, vlakbij P\u00e9ronne en de snelweg A1 aan de Somme","og_url":"https:\/\/camping-chateau-oseraie.fr\/nl\/klantbeoordelingen\/","og_site_name":"Camping *** Ch\u00e2teau de l&#039;Oseraie","article_publisher":"https:\/\/www.facebook.com\/CampingChateauOseraie","article_modified_time":"2026-04-14T16:51:53+00:00","og_image":[{"width":800,"height":800,"url":"https:\/\/camping-chateau-oseraie.fr\/wp-content\/uploads\/2023\/12\/vignette-services.jpg","type":"image\/jpeg"}],"twitter_card":"summary_large_image","twitter_misc":{"Geschatte leestijd":"1 minuut"},"schema":{"@context":"https:\/\/schema.org","@graph":[{"@type":"WebPage","@id":"https:\/\/camping-chateau-oseraie.fr\/nl\/klantbeoordelingen\/","url":"https:\/\/camping-chateau-oseraie.fr\/nl\/klantbeoordelingen\/","name":"Klantenbeoordelingen van de driesterrencamping nabij P\u00e9ronne Ch\u00e2teau de l'Oseraie","isPartOf":{"@id":"https:\/\/camping-chateau-oseraie.fr\/#website"},"datePublished":"2024-02-14T16:31:03+00:00","dateModified":"2026-04-14T16:51:53+00:00","description":"Ontdek alle beoordelingen van de campinggasten *** Ch\u00e2teau de l'Oseraie met verwarmd zwembad, vlakbij P\u00e9ronne en de snelweg A1 aan de Somme","breadcrumb":{"@id":"https:\/\/camping-chateau-oseraie.fr\/nl\/klantbeoordelingen\/#breadcrumb"},"inLanguage":"nl-NL","potentialAction":[{"@type":"ReadAction","target":["https:\/\/camping-chateau-oseraie.fr\/nl\/klantbeoordelingen\/"]}]},{"@type":"BreadcrumbList","@id":"https:\/\/camping-chateau-oseraie.fr\/nl\/klantbeoordelingen\/#breadcrumb","itemListElement":[{"@type":"ListItem","position":1,"name":"Accueil","item":"https:\/\/camping-chateau-oseraie.fr\/nl\/"},{"@type":"ListItem","position":2,"name":"Klantbeoordelingen"}]},{"@type":"WebSite","@id":"https:\/\/camping-chateau-oseraie.fr\/#website","url":"https:\/\/camping-chateau-oseraie.fr\/","name":"Camping*** Ch\u00e2teau de l'Oseraie","description":"Camping *** Ch\u00e2teau de l&#039;Oseraie","publisher":{"@id":"https:\/\/camping-chateau-oseraie.fr\/#organization"},"alternateName":"Camping pr\u00e8s de P\u00e9ronne et de l'autoroute A1","potentialAction":[{"@type":"SearchAction","target":{"@type":"EntryPoint","urlTemplate":"https:\/\/camping-chateau-oseraie.fr\/?s={search_term_string}"},"query-input":{"@type":"PropertyValueSpecification","valueRequired":true,"valueName":"search_term_string"}}],"inLanguage":"nl-NL"},{"@type":"Organization","@id":"https:\/\/camping-chateau-oseraie.fr\/#organization","name":"Camping *** Ch\u00e2teau de l'Oseraie","alternateName":"Ch\u00e2teau de l'Oseraie, Camping 3 \u00e9toiles","url":"https:\/\/camping-chateau-oseraie.fr\/","logo":{"@type":"ImageObject","inLanguage":"nl-NL","@id":"https:\/\/camping-chateau-oseraie.fr\/#\/schema\/logo\/image\/","url":"https:\/\/camping-chateau-oseraie.fr\/wp-content\/uploads\/2024\/02\/logo-chateau-oseraie-jaune.png","contentUrl":"https:\/\/camping-chateau-oseraie.fr\/wp-content\/uploads\/2024\/02\/logo-chateau-oseraie-jaune.png","width":169,"height":220,"caption":"Camping *** Ch\u00e2teau de l'Oseraie"},"image":{"@id":"https:\/\/camping-chateau-oseraie.fr\/#\/schema\/logo\/image\/"},"sameAs":["https:\/\/www.facebook.com\/CampingChateauOseraie","https:\/\/www.instagram.com\/camping_chateau_et_oseraie\/"]}]}},"_links":{"self":[{"href":"https:\/\/camping-chateau-oseraie.fr\/nl\/wp-json\/wp\/v2\/pages\/5321","targetHints":{"allow":["GET"]}}],"collection":[{"href":"https:\/\/camping-chateau-oseraie.fr\/nl\/wp-json\/wp\/v2\/pages"}],"about":[{"href":"https:\/\/camping-chateau-oseraie.fr\/nl\/wp-json\/wp\/v2\/types\/page"}],"author":[{"embeddable":true,"href":"https:\/\/camping-chateau-oseraie.fr\/nl\/wp-json\/wp\/v2\/users\/3"}],"replies":[{"embeddable":true,"href":"https:\/\/camping-chateau-oseraie.fr\/nl\/wp-json\/wp\/v2\/comments?post=5321"}],"version-history":[{"count":0,"href":"https:\/\/camping-chateau-oseraie.fr\/nl\/wp-json\/wp\/v2\/pages\/5321\/revisions"}],"wp:attachment":[{"href":"https:\/\/camping-chateau-oseraie.fr\/nl\/wp-json\/wp\/v2\/media?parent=5321"}],"curies":[{"name":"wp","href":"https:\/\/api.w.org\/{rel}","templated":true}]}}