{"id":5043,"date":"2025-01-31T11:35:24","date_gmt":"2025-01-31T10:35:24","guid":{"rendered":"https:\/\/camping-chateau-oseraie.fr\/plan-du-camping\/"},"modified":"2026-04-14T18:54:48","modified_gmt":"2026-04-14T16:54:48","slug":"plattegrond-van-de-camping","status":"publish","type":"page","link":"https:\/\/camping-chateau-oseraie.fr\/nl\/plattegrond-van-de-camping\/","title":{"rendered":"Plattegrond van de camping"},"content":{"rendered":"\n<style type=\"text\/css\" data-created_by=\"avia_inline_auto\" id=\"style-css-av-lqqh2jzx-77a6ddb941cb31721a3250a243444016\">\n#top .av-special-heading.av-lqqh2jzx-77a6ddb941cb31721a3250a243444016{\npadding-bottom:10px;\ncolor:#cd6f48;\n}\nbody .av-special-heading.av-lqqh2jzx-77a6ddb941cb31721a3250a243444016 .av-special-heading-tag .heading-char{\nfont-size:25px;\n}\n.av-special-heading.av-lqqh2jzx-77a6ddb941cb31721a3250a243444016 .special-heading-inner-border{\nborder-color:#cd6f48;\n}\n.av-special-heading.av-lqqh2jzx-77a6ddb941cb31721a3250a243444016 .av-subheading{\nfont-size:15px;\n}\n<\/style>\n<div  class='av-special-heading av-lqqh2jzx-77a6ddb941cb31721a3250a243444016 av-special-heading-h1 custom-color-heading blockquote modern-quote  avia-builder-el-0  el_before_av_hr  avia-builder-el-first '><h1 class='av-special-heading-tag '  itemprop=\"headline\"  >Plattegrond van de camping<\/h1><div class=\"special-heading-border\"><div class=\"special-heading-inner-border\"><\/div><\/div><\/div>\n\n<style type=\"text\/css\" data-created_by=\"avia_inline_auto\" id=\"style-css-av-lqqh4f1h-b0bf69af2698368c6d3e54b909d28938\">\n#top .hr.av-lqqh4f1h-b0bf69af2698368c6d3e54b909d28938{\nmargin-top:0;\nmargin-bottom:10px;\n}\n.hr.av-lqqh4f1h-b0bf69af2698368c6d3e54b909d28938 .hr-inner{\nwidth:150px;\nborder-color:#ffdb18;\n}\n<\/style>\n<div  class='hr av-lqqh4f1h-b0bf69af2698368c6d3e54b909d28938 hr-custom  avia-builder-el-1  el_after_av_heading  el_before_av_one_full  hr-left hr-icon-no'><span class='hr-inner inner-border-av-border-thin'><span class=\"hr-inner-style\"><\/span><\/span><\/div>\n\n<style type=\"text\/css\" data-created_by=\"avia_inline_auto\" id=\"style-css-av-2qkt04-0237150283952e4cc2423d9761c0f66c\">\n@keyframes av_boxShadowEffect_av-2qkt04-0237150283952e4cc2423d9761c0f66c-column {\n0%   { box-shadow:  0 0 0 0 #000000; opacity: 1; }\n100% { box-shadow:  0 0 15px 0 #000000; opacity: 1; }\n}\n#top .flex_column.av-2qkt04-0237150283952e4cc2423d9761c0f66c{\nmargin-top:0px;\nmargin-bottom:0px;\n}\n.flex_column.av-2qkt04-0237150283952e4cc2423d9761c0f66c{\npadding:30px 30px 30px 30px;\nbackground-color:#f8f8f8;\n}\n.responsive #top #wrap_all .flex_column.av-2qkt04-0237150283952e4cc2423d9761c0f66c{\nmargin-top:0px;\nmargin-bottom:0px;\n}\n.flex_column.av-2qkt04-0237150283952e4cc2423d9761c0f66c .avia-curtain-reveal-overlay{\nz-index:100;\n}\n.flex_column.av-2qkt04-0237150283952e4cc2423d9761c0f66c.avia_start_delayed_animation.shadow-animated{\nanimation:av_boxShadowEffect_av-2qkt04-0237150283952e4cc2423d9761c0f66c-column 4s cubic-bezier(0.17,0.84,0.44,1) 1 forwards;\nanimation-delay:4s;\n}\n<\/style>\n<div  class='flex_column av-2qkt04-0237150283952e4cc2423d9761c0f66c av_one_full  avia-builder-el-2  el_after_av_hr  avia-builder-el-last  first flex_column_div shadow-animated av-animated-when-visible-95 animate-all-devices  '     ><div class='avia-curtain-reveal-overlay av-animated-when-visible-95 animate-all-devices curtain-reveal-btt'><\/div><style type=\"text\/css\" data-created_by=\"avia_inline_auto\" id=\"style-css-av-m6kmoh00-5cac5b61ed7a42a7fe55e4d25e50fc0a\">\n.avia-image-container.av-m6kmoh00-5cac5b61ed7a42a7fe55e4d25e50fc0a img.avia_image{\nbox-shadow:none;\n}\n.avia-image-container.av-m6kmoh00-5cac5b61ed7a42a7fe55e4d25e50fc0a .av-image-caption-overlay-center{\ncolor:#ffffff;\n}\n<\/style>\n<div  class='avia-image-container av-m6kmoh00-5cac5b61ed7a42a7fe55e4d25e50fc0a av-styling- avia-align-center  avia-builder-el-3  avia-builder-el-no-sibling '   itemprop=\"image\" itemscope=\"itemscope\" itemtype=\"https:\/\/schema.org\/ImageObject\" ><div class=\"avia-image-container-inner\"><div class=\"avia-image-overlay-wrap\"><img decoding=\"async\" fetchpriority=\"high\" class='wp-image-5044 avia-img-lazy-loading-not-5044 avia_image ' src=\"https:\/\/camping-chateau-oseraie.fr\/wp-content\/uploads\/2025\/01\/Plan-camping-Chateau-Oseraie.jpg\" alt='Plan du camping Ch\u00e2teau de l&#039;Oseraie' title='Plan du camping Ch\u00e2teau de l&#039;Oseraie'  height=\"1527\" width=\"2000\"  itemprop=\"thumbnailUrl\" srcset=\"https:\/\/camping-chateau-oseraie.fr\/wp-content\/uploads\/2025\/01\/Plan-camping-Chateau-Oseraie.jpg 2000w, https:\/\/camping-chateau-oseraie.fr\/wp-content\/uploads\/2025\/01\/Plan-camping-Chateau-Oseraie-300x229.jpg 300w, https:\/\/camping-chateau-oseraie.fr\/wp-content\/uploads\/2025\/01\/Plan-camping-Chateau-Oseraie-1030x786.jpg 1030w, https:\/\/camping-chateau-oseraie.fr\/wp-content\/uploads\/2025\/01\/Plan-camping-Chateau-Oseraie-768x586.jpg 768w, https:\/\/camping-chateau-oseraie.fr\/wp-content\/uploads\/2025\/01\/Plan-camping-Chateau-Oseraie-1536x1173.jpg 1536w, https:\/\/camping-chateau-oseraie.fr\/wp-content\/uploads\/2025\/01\/Plan-camping-Chateau-Oseraie-1500x1145.jpg 1500w, https:\/\/camping-chateau-oseraie.fr\/wp-content\/uploads\/2025\/01\/Plan-camping-Chateau-Oseraie-705x538.jpg 705w\" sizes=\"(max-width: 2000px) 100vw, 2000px\" \/><\/div><\/div><\/div><\/div>\n","protected":false},"excerpt":{"rendered":"","protected":false},"author":3,"featured_media":0,"parent":0,"menu_order":0,"comment_status":"closed","ping_status":"closed","template":"","meta":{"footnotes":""},"class_list":["post-5043","page","type-page","status-publish","hentry"],"yoast_head":"<!-- This site is optimized with the Yoast SEO plugin v27.4 - https:\/\/yoast.com\/product\/yoast-seo-wordpress\/ -->\n<title>Kaart van de camping bij P\u00e9ronne Ch\u00e2teau de l&#039;Oseraie, vlakbij de snelweg A1 aan de Somme (80)<\/title>\n<meta name=\"description\" content=\"Campingkaart *** Ch\u00e2teau de l&#039;Oseraie 10 minuten van P\u00e9ronne aan de Somme en dicht bij de snelweg A1 in Picardi\u00eb\" \/>\n<meta name=\"robots\" content=\"index, follow, max-snippet:-1, max-image-preview:large, max-video-preview:-1\" \/>\n<link rel=\"canonical\" href=\"https:\/\/camping-chateau-oseraie.fr\/nl\/plattegrond-van-de-camping\/\" \/>\n<meta property=\"og:locale\" content=\"nl_NL\" \/>\n<meta property=\"og:type\" content=\"article\" \/>\n<meta property=\"og:title\" content=\"Kaart van de camping bij P\u00e9ronne Ch\u00e2teau de l&#039;Oseraie, vlakbij de snelweg A1 aan de Somme (80)\" \/>\n<meta property=\"og:description\" content=\"Campingkaart *** Ch\u00e2teau de l&#039;Oseraie 10 minuten van P\u00e9ronne aan de Somme en dicht bij de snelweg A1 in Picardi\u00eb\" \/>\n<meta property=\"og:url\" content=\"https:\/\/camping-chateau-oseraie.fr\/nl\/plattegrond-van-de-camping\/\" \/>\n<meta property=\"og:site_name\" content=\"Camping *** Ch\u00e2teau de l&#039;Oseraie\" \/>\n<meta property=\"article:publisher\" content=\"https:\/\/www.facebook.com\/CampingChateauOseraie\" \/>\n<meta property=\"article:modified_time\" content=\"2026-04-14T16:54:48+00:00\" \/>\n<meta property=\"og:image\" content=\"https:\/\/camping-chateau-oseraie.fr\/wp-content\/uploads\/2023\/12\/vignette-services.jpg\" \/>\n\t<meta property=\"og:image:width\" content=\"800\" \/>\n\t<meta property=\"og:image:height\" content=\"800\" \/>\n\t<meta property=\"og:image:type\" content=\"image\/jpeg\" \/>\n<meta name=\"twitter:card\" content=\"summary_large_image\" \/>\n<meta name=\"twitter:label1\" content=\"Geschatte leestijd\" \/>\n\t<meta name=\"twitter:data1\" content=\"1 minuut\" \/>\n<script type=\"application\/ld+json\" class=\"yoast-schema-graph\">{\"@context\":\"https:\\\/\\\/schema.org\",\"@graph\":[{\"@type\":\"WebPage\",\"@id\":\"https:\\\/\\\/camping-chateau-oseraie.fr\\\/nl\\\/plattegrond-van-de-camping\\\/\",\"url\":\"https:\\\/\\\/camping-chateau-oseraie.fr\\\/nl\\\/plattegrond-van-de-camping\\\/\",\"name\":\"Kaart van de camping bij P\u00e9ronne Ch\u00e2teau de l'Oseraie, vlakbij de snelweg A1 aan de Somme (80)\",\"isPartOf\":{\"@id\":\"https:\\\/\\\/camping-chateau-oseraie.fr\\\/#website\"},\"datePublished\":\"2025-01-31T10:35:24+00:00\",\"dateModified\":\"2026-04-14T16:54:48+00:00\",\"description\":\"Campingkaart *** Ch\u00e2teau de l'Oseraie 10 minuten van P\u00e9ronne aan de Somme en dicht bij de snelweg A1 in Picardi\u00eb\",\"breadcrumb\":{\"@id\":\"https:\\\/\\\/camping-chateau-oseraie.fr\\\/nl\\\/plattegrond-van-de-camping\\\/#breadcrumb\"},\"inLanguage\":\"nl-NL\",\"potentialAction\":[{\"@type\":\"ReadAction\",\"target\":[\"https:\\\/\\\/camping-chateau-oseraie.fr\\\/nl\\\/plattegrond-van-de-camping\\\/\"]}]},{\"@type\":\"BreadcrumbList\",\"@id\":\"https:\\\/\\\/camping-chateau-oseraie.fr\\\/nl\\\/plattegrond-van-de-camping\\\/#breadcrumb\",\"itemListElement\":[{\"@type\":\"ListItem\",\"position\":1,\"name\":\"Accueil\",\"item\":\"https:\\\/\\\/camping-chateau-oseraie.fr\\\/nl\\\/\"},{\"@type\":\"ListItem\",\"position\":2,\"name\":\"Plattegrond van de camping\"}]},{\"@type\":\"WebSite\",\"@id\":\"https:\\\/\\\/camping-chateau-oseraie.fr\\\/#website\",\"url\":\"https:\\\/\\\/camping-chateau-oseraie.fr\\\/\",\"name\":\"Camping*** Ch\u00e2teau de l'Oseraie\",\"description\":\"Camping *** Ch\u00e2teau de l&#039;Oseraie\",\"publisher\":{\"@id\":\"https:\\\/\\\/camping-chateau-oseraie.fr\\\/#organization\"},\"alternateName\":\"Camping pr\u00e8s de P\u00e9ronne et de l'autoroute A1\",\"potentialAction\":[{\"@type\":\"SearchAction\",\"target\":{\"@type\":\"EntryPoint\",\"urlTemplate\":\"https:\\\/\\\/camping-chateau-oseraie.fr\\\/?s={search_term_string}\"},\"query-input\":{\"@type\":\"PropertyValueSpecification\",\"valueRequired\":true,\"valueName\":\"search_term_string\"}}],\"inLanguage\":\"nl-NL\"},{\"@type\":\"Organization\",\"@id\":\"https:\\\/\\\/camping-chateau-oseraie.fr\\\/#organization\",\"name\":\"Camping *** Ch\u00e2teau de l'Oseraie\",\"alternateName\":\"Ch\u00e2teau de l'Oseraie, Camping 3 \u00e9toiles\",\"url\":\"https:\\\/\\\/camping-chateau-oseraie.fr\\\/\",\"logo\":{\"@type\":\"ImageObject\",\"inLanguage\":\"nl-NL\",\"@id\":\"https:\\\/\\\/camping-chateau-oseraie.fr\\\/#\\\/schema\\\/logo\\\/image\\\/\",\"url\":\"https:\\\/\\\/camping-chateau-oseraie.fr\\\/wp-content\\\/uploads\\\/2024\\\/02\\\/logo-chateau-oseraie-jaune.png\",\"contentUrl\":\"https:\\\/\\\/camping-chateau-oseraie.fr\\\/wp-content\\\/uploads\\\/2024\\\/02\\\/logo-chateau-oseraie-jaune.png\",\"width\":169,\"height\":220,\"caption\":\"Camping *** Ch\u00e2teau de l'Oseraie\"},\"image\":{\"@id\":\"https:\\\/\\\/camping-chateau-oseraie.fr\\\/#\\\/schema\\\/logo\\\/image\\\/\"},\"sameAs\":[\"https:\\\/\\\/www.facebook.com\\\/CampingChateauOseraie\",\"https:\\\/\\\/www.instagram.com\\\/camping_chateau_et_oseraie\\\/\"]}]}<\/script>\n<!-- \/ Yoast SEO plugin. -->","yoast_head_json":{"title":"Kaart van de camping bij P\u00e9ronne Ch\u00e2teau de l'Oseraie, vlakbij de snelweg A1 aan de Somme (80)","description":"Campingkaart *** Ch\u00e2teau de l'Oseraie 10 minuten van P\u00e9ronne aan de Somme en dicht bij de snelweg A1 in Picardi\u00eb","robots":{"index":"index","follow":"follow","max-snippet":"max-snippet:-1","max-image-preview":"max-image-preview:large","max-video-preview":"max-video-preview:-1"},"canonical":"https:\/\/camping-chateau-oseraie.fr\/nl\/plattegrond-van-de-camping\/","og_locale":"nl_NL","og_type":"article","og_title":"Kaart van de camping bij P\u00e9ronne Ch\u00e2teau de l'Oseraie, vlakbij de snelweg A1 aan de Somme (80)","og_description":"Campingkaart *** Ch\u00e2teau de l'Oseraie 10 minuten van P\u00e9ronne aan de Somme en dicht bij de snelweg A1 in Picardi\u00eb","og_url":"https:\/\/camping-chateau-oseraie.fr\/nl\/plattegrond-van-de-camping\/","og_site_name":"Camping *** Ch\u00e2teau de l&#039;Oseraie","article_publisher":"https:\/\/www.facebook.com\/CampingChateauOseraie","article_modified_time":"2026-04-14T16:54:48+00:00","og_image":[{"width":800,"height":800,"url":"https:\/\/camping-chateau-oseraie.fr\/wp-content\/uploads\/2023\/12\/vignette-services.jpg","type":"image\/jpeg"}],"twitter_card":"summary_large_image","twitter_misc":{"Geschatte leestijd":"1 minuut"},"schema":{"@context":"https:\/\/schema.org","@graph":[{"@type":"WebPage","@id":"https:\/\/camping-chateau-oseraie.fr\/nl\/plattegrond-van-de-camping\/","url":"https:\/\/camping-chateau-oseraie.fr\/nl\/plattegrond-van-de-camping\/","name":"Kaart van de camping bij P\u00e9ronne Ch\u00e2teau de l'Oseraie, vlakbij de snelweg A1 aan de Somme (80)","isPartOf":{"@id":"https:\/\/camping-chateau-oseraie.fr\/#website"},"datePublished":"2025-01-31T10:35:24+00:00","dateModified":"2026-04-14T16:54:48+00:00","description":"Campingkaart *** Ch\u00e2teau de l'Oseraie 10 minuten van P\u00e9ronne aan de Somme en dicht bij de snelweg A1 in Picardi\u00eb","breadcrumb":{"@id":"https:\/\/camping-chateau-oseraie.fr\/nl\/plattegrond-van-de-camping\/#breadcrumb"},"inLanguage":"nl-NL","potentialAction":[{"@type":"ReadAction","target":["https:\/\/camping-chateau-oseraie.fr\/nl\/plattegrond-van-de-camping\/"]}]},{"@type":"BreadcrumbList","@id":"https:\/\/camping-chateau-oseraie.fr\/nl\/plattegrond-van-de-camping\/#breadcrumb","itemListElement":[{"@type":"ListItem","position":1,"name":"Accueil","item":"https:\/\/camping-chateau-oseraie.fr\/nl\/"},{"@type":"ListItem","position":2,"name":"Plattegrond van de camping"}]},{"@type":"WebSite","@id":"https:\/\/camping-chateau-oseraie.fr\/#website","url":"https:\/\/camping-chateau-oseraie.fr\/","name":"Camping*** Ch\u00e2teau de l'Oseraie","description":"Camping *** Ch\u00e2teau de l&#039;Oseraie","publisher":{"@id":"https:\/\/camping-chateau-oseraie.fr\/#organization"},"alternateName":"Camping pr\u00e8s de P\u00e9ronne et de l'autoroute A1","potentialAction":[{"@type":"SearchAction","target":{"@type":"EntryPoint","urlTemplate":"https:\/\/camping-chateau-oseraie.fr\/?s={search_term_string}"},"query-input":{"@type":"PropertyValueSpecification","valueRequired":true,"valueName":"search_term_string"}}],"inLanguage":"nl-NL"},{"@type":"Organization","@id":"https:\/\/camping-chateau-oseraie.fr\/#organization","name":"Camping *** Ch\u00e2teau de l'Oseraie","alternateName":"Ch\u00e2teau de l'Oseraie, Camping 3 \u00e9toiles","url":"https:\/\/camping-chateau-oseraie.fr\/","logo":{"@type":"ImageObject","inLanguage":"nl-NL","@id":"https:\/\/camping-chateau-oseraie.fr\/#\/schema\/logo\/image\/","url":"https:\/\/camping-chateau-oseraie.fr\/wp-content\/uploads\/2024\/02\/logo-chateau-oseraie-jaune.png","contentUrl":"https:\/\/camping-chateau-oseraie.fr\/wp-content\/uploads\/2024\/02\/logo-chateau-oseraie-jaune.png","width":169,"height":220,"caption":"Camping *** Ch\u00e2teau de l'Oseraie"},"image":{"@id":"https:\/\/camping-chateau-oseraie.fr\/#\/schema\/logo\/image\/"},"sameAs":["https:\/\/www.facebook.com\/CampingChateauOseraie","https:\/\/www.instagram.com\/camping_chateau_et_oseraie\/"]}]}},"_links":{"self":[{"href":"https:\/\/camping-chateau-oseraie.fr\/nl\/wp-json\/wp\/v2\/pages\/5043","targetHints":{"allow":["GET"]}}],"collection":[{"href":"https:\/\/camping-chateau-oseraie.fr\/nl\/wp-json\/wp\/v2\/pages"}],"about":[{"href":"https:\/\/camping-chateau-oseraie.fr\/nl\/wp-json\/wp\/v2\/types\/page"}],"author":[{"embeddable":true,"href":"https:\/\/camping-chateau-oseraie.fr\/nl\/wp-json\/wp\/v2\/users\/3"}],"replies":[{"embeddable":true,"href":"https:\/\/camping-chateau-oseraie.fr\/nl\/wp-json\/wp\/v2\/comments?post=5043"}],"version-history":[{"count":0,"href":"https:\/\/camping-chateau-oseraie.fr\/nl\/wp-json\/wp\/v2\/pages\/5043\/revisions"}],"wp:attachment":[{"href":"https:\/\/camping-chateau-oseraie.fr\/nl\/wp-json\/wp\/v2\/media?parent=5043"}],"curies":[{"name":"wp","href":"https:\/\/api.w.org\/{rel}","templated":true}]}}