{"id":4651,"date":"2025-07-22T10:53:49","date_gmt":"2025-07-22T08:53:49","guid":{"rendered":"https:\/\/camping-chateau-oseraie.fr\/visite-virtuelle-du-camping\/"},"modified":"2026-04-14T18:50:39","modified_gmt":"2026-04-14T16:50:39","slug":"virtual-tour-of-the-campsite","status":"publish","type":"page","link":"https:\/\/camping-chateau-oseraie.fr\/en\/virtual-tour-of-the-campsite\/","title":{"rendered":"Virtual tour of the campsite"},"content":{"rendered":"\n<style type=\"text\/css\" data-created_by=\"avia_inline_auto\" id=\"style-css-av-lqqh2jzx-55a9598aed81502d1fb9e27bf0322754\">\n#top .av-special-heading.av-lqqh2jzx-55a9598aed81502d1fb9e27bf0322754{\npadding-bottom:10px;\ncolor:#cd6f48;\n}\nbody .av-special-heading.av-lqqh2jzx-55a9598aed81502d1fb9e27bf0322754 .av-special-heading-tag .heading-char{\nfont-size:25px;\n}\n.av-special-heading.av-lqqh2jzx-55a9598aed81502d1fb9e27bf0322754 .special-heading-inner-border{\nborder-color:#cd6f48;\n}\n.av-special-heading.av-lqqh2jzx-55a9598aed81502d1fb9e27bf0322754 .av-subheading{\nfont-size:15px;\n}\n<\/style>\n<div  class='av-special-heading av-lqqh2jzx-55a9598aed81502d1fb9e27bf0322754 av-special-heading-h1 custom-color-heading blockquote modern-quote  avia-builder-el-0  el_before_av_hr  avia-builder-el-first '><h1 class='av-special-heading-tag '  itemprop=\"headline\"  >Virtual tour of the campsite<\/h1><div class=\"special-heading-border\"><div class=\"special-heading-inner-border\"><\/div><\/div><\/div>\n\n<style type=\"text\/css\" data-created_by=\"avia_inline_auto\" id=\"style-css-av-lqqh4f1h-b0bf69af2698368c6d3e54b909d28938\">\n#top .hr.av-lqqh4f1h-b0bf69af2698368c6d3e54b909d28938{\nmargin-top:0;\nmargin-bottom:10px;\n}\n.hr.av-lqqh4f1h-b0bf69af2698368c6d3e54b909d28938 .hr-inner{\nwidth:150px;\nborder-color:#ffdb18;\n}\n<\/style>\n<div  class='hr av-lqqh4f1h-b0bf69af2698368c6d3e54b909d28938 hr-custom  avia-builder-el-1  el_after_av_heading  el_before_av_one_full  hr-left hr-icon-no'><span class='hr-inner inner-border-av-border-thin'><span class=\"hr-inner-style\"><\/span><\/span><\/div>\n\n<style type=\"text\/css\" data-created_by=\"avia_inline_auto\" id=\"style-css-av-2qkt04-e8fcdcb75a4947a4c688ea8f4ec25bee\">\n@keyframes av_boxShadowEffect_av-2qkt04-e8fcdcb75a4947a4c688ea8f4ec25bee-column {\n0%   { box-shadow:  0 0 0 0 #000000; opacity: 1; }\n100% { box-shadow:  0 0 15px 0 #000000; opacity: 1; }\n}\n#top .flex_column.av-2qkt04-e8fcdcb75a4947a4c688ea8f4ec25bee{\nmargin-top:0px;\nmargin-bottom:0px;\n}\n.flex_column.av-2qkt04-e8fcdcb75a4947a4c688ea8f4ec25bee{\npadding:10px 10px 10px 10px;\nbackground-color:#f8f8f8;\n}\n.responsive #top #wrap_all .flex_column.av-2qkt04-e8fcdcb75a4947a4c688ea8f4ec25bee{\nmargin-top:0px;\nmargin-bottom:0px;\n}\n.flex_column.av-2qkt04-e8fcdcb75a4947a4c688ea8f4ec25bee .avia-curtain-reveal-overlay{\nz-index:100;\n}\n.flex_column.av-2qkt04-e8fcdcb75a4947a4c688ea8f4ec25bee.avia_start_delayed_animation.shadow-animated{\nanimation:av_boxShadowEffect_av-2qkt04-e8fcdcb75a4947a4c688ea8f4ec25bee-column 4s cubic-bezier(0.17,0.84,0.44,1) 1 forwards;\nanimation-delay:4s;\n}\n<\/style>\n<div  class='flex_column av-2qkt04-e8fcdcb75a4947a4c688ea8f4ec25bee av_one_full  avia-builder-el-2  el_after_av_hr  avia-builder-el-last  first no_margin flex_column_div shadow-animated av-animated-when-visible-95 animate-all-devices  '     ><div class='avia-curtain-reveal-overlay av-animated-when-visible-95 animate-all-devices curtain-reveal-btt'><\/div><\/div>\n","protected":false},"excerpt":{"rendered":"","protected":false},"author":3,"featured_media":0,"parent":0,"menu_order":0,"comment_status":"closed","ping_status":"closed","template":"","meta":{"footnotes":""},"class_list":["post-4651","page","type-page","status-publish","hentry"],"yoast_head":"<!-- This site is optimized with the Yoast SEO plugin v27.4 - https:\/\/yoast.com\/product\/yoast-seo-wordpress\/ -->\n<title>Virtual tour of the campsite near P\u00e9ronne Ch\u00e2teau de l&#039;Oseraie, close to the A1 motorway in the Somme (80)<\/title>\n<meta name=\"description\" content=\"Virtual visit of the campsite*** Ch\u00e2teau de l&#039;Oseraie 10 minutes from P\u00e9ronne in the Somme and close to the A1 motorway in Picardy\" \/>\n<meta name=\"robots\" content=\"index, follow, max-snippet:-1, max-image-preview:large, max-video-preview:-1\" \/>\n<link rel=\"canonical\" href=\"https:\/\/camping-chateau-oseraie.fr\/en\/virtual-tour-of-the-campsite\/\" \/>\n<meta property=\"og:locale\" content=\"en_US\" \/>\n<meta property=\"og:type\" content=\"article\" \/>\n<meta property=\"og:title\" content=\"Virtual tour of the campsite near P\u00e9ronne Ch\u00e2teau de l&#039;Oseraie, close to the A1 motorway in the Somme (80)\" \/>\n<meta property=\"og:description\" content=\"Virtual visit of the campsite*** Ch\u00e2teau de l&#039;Oseraie 10 minutes from P\u00e9ronne in the Somme and close to the A1 motorway in Picardy\" \/>\n<meta property=\"og:url\" content=\"https:\/\/camping-chateau-oseraie.fr\/en\/virtual-tour-of-the-campsite\/\" \/>\n<meta property=\"og:site_name\" content=\"Camping *** Ch\u00e2teau de l&#039;Oseraie\" \/>\n<meta property=\"article:publisher\" content=\"https:\/\/www.facebook.com\/CampingChateauOseraie\" \/>\n<meta property=\"article:modified_time\" content=\"2026-04-14T16:50:39+00:00\" \/>\n<meta property=\"og:image\" content=\"https:\/\/camping-chateau-oseraie.fr\/wp-content\/uploads\/2023\/12\/vignette-services.jpg\" \/>\n\t<meta property=\"og:image:width\" content=\"800\" \/>\n\t<meta property=\"og:image:height\" content=\"800\" \/>\n\t<meta property=\"og:image:type\" content=\"image\/jpeg\" \/>\n<meta name=\"twitter:card\" content=\"summary_large_image\" \/>\n<meta name=\"twitter:label1\" content=\"Est. reading time\" \/>\n\t<meta name=\"twitter:data1\" content=\"1 minute\" \/>\n<script type=\"application\/ld+json\" class=\"yoast-schema-graph\">{\"@context\":\"https:\\\/\\\/schema.org\",\"@graph\":[{\"@type\":\"WebPage\",\"@id\":\"https:\\\/\\\/camping-chateau-oseraie.fr\\\/en\\\/virtual-tour-of-the-campsite\\\/\",\"url\":\"https:\\\/\\\/camping-chateau-oseraie.fr\\\/en\\\/virtual-tour-of-the-campsite\\\/\",\"name\":\"Virtual tour of the campsite near P\u00e9ronne Ch\u00e2teau de l'Oseraie, close to the A1 motorway in the Somme (80)\",\"isPartOf\":{\"@id\":\"https:\\\/\\\/camping-chateau-oseraie.fr\\\/#website\"},\"datePublished\":\"2025-07-22T08:53:49+00:00\",\"dateModified\":\"2026-04-14T16:50:39+00:00\",\"description\":\"Virtual visit of the campsite*** Ch\u00e2teau de l'Oseraie 10 minutes from P\u00e9ronne in the Somme and close to the A1 motorway in Picardy\",\"breadcrumb\":{\"@id\":\"https:\\\/\\\/camping-chateau-oseraie.fr\\\/en\\\/virtual-tour-of-the-campsite\\\/#breadcrumb\"},\"inLanguage\":\"en-US\",\"potentialAction\":[{\"@type\":\"ReadAction\",\"target\":[\"https:\\\/\\\/camping-chateau-oseraie.fr\\\/en\\\/virtual-tour-of-the-campsite\\\/\"]}]},{\"@type\":\"BreadcrumbList\",\"@id\":\"https:\\\/\\\/camping-chateau-oseraie.fr\\\/en\\\/virtual-tour-of-the-campsite\\\/#breadcrumb\",\"itemListElement\":[{\"@type\":\"ListItem\",\"position\":1,\"name\":\"Accueil\",\"item\":\"https:\\\/\\\/camping-chateau-oseraie.fr\\\/en\\\/\"},{\"@type\":\"ListItem\",\"position\":2,\"name\":\"Virtual tour of the campsite\"}]},{\"@type\":\"WebSite\",\"@id\":\"https:\\\/\\\/camping-chateau-oseraie.fr\\\/#website\",\"url\":\"https:\\\/\\\/camping-chateau-oseraie.fr\\\/\",\"name\":\"Camping*** Ch\u00e2teau de l'Oseraie\",\"description\":\"Camping *** Ch\u00e2teau de l&#039;Oseraie\",\"publisher\":{\"@id\":\"https:\\\/\\\/camping-chateau-oseraie.fr\\\/#organization\"},\"alternateName\":\"Camping pr\u00e8s de P\u00e9ronne et de l'autoroute A1\",\"potentialAction\":[{\"@type\":\"SearchAction\",\"target\":{\"@type\":\"EntryPoint\",\"urlTemplate\":\"https:\\\/\\\/camping-chateau-oseraie.fr\\\/?s={search_term_string}\"},\"query-input\":{\"@type\":\"PropertyValueSpecification\",\"valueRequired\":true,\"valueName\":\"search_term_string\"}}],\"inLanguage\":\"en-US\"},{\"@type\":\"Organization\",\"@id\":\"https:\\\/\\\/camping-chateau-oseraie.fr\\\/#organization\",\"name\":\"Camping *** Ch\u00e2teau de l'Oseraie\",\"alternateName\":\"Ch\u00e2teau de l'Oseraie, Camping 3 \u00e9toiles\",\"url\":\"https:\\\/\\\/camping-chateau-oseraie.fr\\\/\",\"logo\":{\"@type\":\"ImageObject\",\"inLanguage\":\"en-US\",\"@id\":\"https:\\\/\\\/camping-chateau-oseraie.fr\\\/#\\\/schema\\\/logo\\\/image\\\/\",\"url\":\"https:\\\/\\\/camping-chateau-oseraie.fr\\\/wp-content\\\/uploads\\\/2024\\\/02\\\/logo-chateau-oseraie-jaune.png\",\"contentUrl\":\"https:\\\/\\\/camping-chateau-oseraie.fr\\\/wp-content\\\/uploads\\\/2024\\\/02\\\/logo-chateau-oseraie-jaune.png\",\"width\":169,\"height\":220,\"caption\":\"Camping *** Ch\u00e2teau de l'Oseraie\"},\"image\":{\"@id\":\"https:\\\/\\\/camping-chateau-oseraie.fr\\\/#\\\/schema\\\/logo\\\/image\\\/\"},\"sameAs\":[\"https:\\\/\\\/www.facebook.com\\\/CampingChateauOseraie\",\"https:\\\/\\\/www.instagram.com\\\/camping_chateau_et_oseraie\\\/\"]}]}<\/script>\n<!-- \/ Yoast SEO plugin. -->","yoast_head_json":{"title":"Virtual tour of the campsite near P\u00e9ronne Ch\u00e2teau de l'Oseraie, close to the A1 motorway in the Somme (80)","description":"Virtual visit of the campsite*** Ch\u00e2teau de l'Oseraie 10 minutes from P\u00e9ronne in the Somme and close to the A1 motorway in Picardy","robots":{"index":"index","follow":"follow","max-snippet":"max-snippet:-1","max-image-preview":"max-image-preview:large","max-video-preview":"max-video-preview:-1"},"canonical":"https:\/\/camping-chateau-oseraie.fr\/en\/virtual-tour-of-the-campsite\/","og_locale":"en_US","og_type":"article","og_title":"Virtual tour of the campsite near P\u00e9ronne Ch\u00e2teau de l'Oseraie, close to the A1 motorway in the Somme (80)","og_description":"Virtual visit of the campsite*** Ch\u00e2teau de l'Oseraie 10 minutes from P\u00e9ronne in the Somme and close to the A1 motorway in Picardy","og_url":"https:\/\/camping-chateau-oseraie.fr\/en\/virtual-tour-of-the-campsite\/","og_site_name":"Camping *** Ch\u00e2teau de l&#039;Oseraie","article_publisher":"https:\/\/www.facebook.com\/CampingChateauOseraie","article_modified_time":"2026-04-14T16:50:39+00:00","og_image":[{"width":800,"height":800,"url":"https:\/\/camping-chateau-oseraie.fr\/wp-content\/uploads\/2023\/12\/vignette-services.jpg","type":"image\/jpeg"}],"twitter_card":"summary_large_image","twitter_misc":{"Est. reading time":"1 minute"},"schema":{"@context":"https:\/\/schema.org","@graph":[{"@type":"WebPage","@id":"https:\/\/camping-chateau-oseraie.fr\/en\/virtual-tour-of-the-campsite\/","url":"https:\/\/camping-chateau-oseraie.fr\/en\/virtual-tour-of-the-campsite\/","name":"Virtual tour of the campsite near P\u00e9ronne Ch\u00e2teau de l'Oseraie, close to the A1 motorway in the Somme (80)","isPartOf":{"@id":"https:\/\/camping-chateau-oseraie.fr\/#website"},"datePublished":"2025-07-22T08:53:49+00:00","dateModified":"2026-04-14T16:50:39+00:00","description":"Virtual visit of the campsite*** Ch\u00e2teau de l'Oseraie 10 minutes from P\u00e9ronne in the Somme and close to the A1 motorway in Picardy","breadcrumb":{"@id":"https:\/\/camping-chateau-oseraie.fr\/en\/virtual-tour-of-the-campsite\/#breadcrumb"},"inLanguage":"en-US","potentialAction":[{"@type":"ReadAction","target":["https:\/\/camping-chateau-oseraie.fr\/en\/virtual-tour-of-the-campsite\/"]}]},{"@type":"BreadcrumbList","@id":"https:\/\/camping-chateau-oseraie.fr\/en\/virtual-tour-of-the-campsite\/#breadcrumb","itemListElement":[{"@type":"ListItem","position":1,"name":"Accueil","item":"https:\/\/camping-chateau-oseraie.fr\/en\/"},{"@type":"ListItem","position":2,"name":"Virtual tour of the campsite"}]},{"@type":"WebSite","@id":"https:\/\/camping-chateau-oseraie.fr\/#website","url":"https:\/\/camping-chateau-oseraie.fr\/","name":"Camping*** Ch\u00e2teau de l'Oseraie","description":"Camping *** Ch\u00e2teau de l&#039;Oseraie","publisher":{"@id":"https:\/\/camping-chateau-oseraie.fr\/#organization"},"alternateName":"Camping pr\u00e8s de P\u00e9ronne et de l'autoroute A1","potentialAction":[{"@type":"SearchAction","target":{"@type":"EntryPoint","urlTemplate":"https:\/\/camping-chateau-oseraie.fr\/?s={search_term_string}"},"query-input":{"@type":"PropertyValueSpecification","valueRequired":true,"valueName":"search_term_string"}}],"inLanguage":"en-US"},{"@type":"Organization","@id":"https:\/\/camping-chateau-oseraie.fr\/#organization","name":"Camping *** Ch\u00e2teau de l'Oseraie","alternateName":"Ch\u00e2teau de l'Oseraie, Camping 3 \u00e9toiles","url":"https:\/\/camping-chateau-oseraie.fr\/","logo":{"@type":"ImageObject","inLanguage":"en-US","@id":"https:\/\/camping-chateau-oseraie.fr\/#\/schema\/logo\/image\/","url":"https:\/\/camping-chateau-oseraie.fr\/wp-content\/uploads\/2024\/02\/logo-chateau-oseraie-jaune.png","contentUrl":"https:\/\/camping-chateau-oseraie.fr\/wp-content\/uploads\/2024\/02\/logo-chateau-oseraie-jaune.png","width":169,"height":220,"caption":"Camping *** Ch\u00e2teau de l'Oseraie"},"image":{"@id":"https:\/\/camping-chateau-oseraie.fr\/#\/schema\/logo\/image\/"},"sameAs":["https:\/\/www.facebook.com\/CampingChateauOseraie","https:\/\/www.instagram.com\/camping_chateau_et_oseraie\/"]}]}},"_links":{"self":[{"href":"https:\/\/camping-chateau-oseraie.fr\/en\/wp-json\/wp\/v2\/pages\/4651","targetHints":{"allow":["GET"]}}],"collection":[{"href":"https:\/\/camping-chateau-oseraie.fr\/en\/wp-json\/wp\/v2\/pages"}],"about":[{"href":"https:\/\/camping-chateau-oseraie.fr\/en\/wp-json\/wp\/v2\/types\/page"}],"author":[{"embeddable":true,"href":"https:\/\/camping-chateau-oseraie.fr\/en\/wp-json\/wp\/v2\/users\/3"}],"replies":[{"embeddable":true,"href":"https:\/\/camping-chateau-oseraie.fr\/en\/wp-json\/wp\/v2\/comments?post=4651"}],"version-history":[{"count":0,"href":"https:\/\/camping-chateau-oseraie.fr\/en\/wp-json\/wp\/v2\/pages\/4651\/revisions"}],"wp:attachment":[{"href":"https:\/\/camping-chateau-oseraie.fr\/en\/wp-json\/wp\/v2\/media?parent=4651"}],"curies":[{"name":"wp","href":"https:\/\/api.w.org\/{rel}","templated":true}]}}