{"id":4338,"date":"2024-02-14T16:17:39","date_gmt":"2024-02-14T15:17:39","guid":{"rendered":"https:\/\/camping-chateau-oseraie.fr\/residentiel\/"},"modified":"2026-04-14T18:49:00","modified_gmt":"2026-04-14T16:49:00","slug":"residential","status":"publish","type":"page","link":"https:\/\/camping-chateau-oseraie.fr\/en\/residential\/","title":{"rendered":"Residential"},"content":{"rendered":"\n<style type=\"text\/css\" data-created_by=\"avia_inline_auto\" id=\"style-css-av-lqqjcot8-dd8303e7818d6fa6002e8b3f3c7879c8\">\n.avia-section.av-lqqjcot8-dd8303e7818d6fa6002e8b3f3c7879c8{\nbackground-color:#f8f8f8;\nbackground-image:unset;\nmargin-top:0px;\nmargin-bottom:0px;\n}\n<\/style>\n<div id='av_section_1'  class='avia-section av-lqqjcot8-dd8303e7818d6fa6002e8b3f3c7879c8 main_color avia-section-default avia-no-border-styling  avia-builder-el-0  avia-builder-el-no-sibling  avia-bg-style-scroll container_wrap fullsize'  ><div class='container av-section-cont-open' ><main  role=\"main\" itemprop=\"mainContentOfPage\"  class='template-page content  av-content-full alpha units'><div class='post-entry post-entry-type-page post-entry-4338'><div class='entry-content-wrapper clearfix'>\n\n<style type=\"text\/css\" data-created_by=\"avia_inline_auto\" id=\"style-css-av-lqqh2jzx-be96744e0472a716c5b56c26d8af7bd1\">\n#top .av-special-heading.av-lqqh2jzx-be96744e0472a716c5b56c26d8af7bd1{\npadding-bottom:10px;\n}\nbody .av-special-heading.av-lqqh2jzx-be96744e0472a716c5b56c26d8af7bd1 .av-special-heading-tag .heading-char{\nfont-size:25px;\n}\n.av-special-heading.av-lqqh2jzx-be96744e0472a716c5b56c26d8af7bd1 .av-subheading{\nfont-size:15px;\n}\n<\/style>\n<div  class='av-special-heading av-lqqh2jzx-be96744e0472a716c5b56c26d8af7bd1 av-special-heading-h1 blockquote modern-quote modern-centered  avia-builder-el-1  el_before_av_hr  avia-builder-el-first '><h1 class='av-special-heading-tag '  itemprop=\"headline\"  >Becoming an owner<\/h1><div class=\"special-heading-border\"><div class=\"special-heading-inner-border\"><\/div><\/div><\/div>\n\n<style type=\"text\/css\" data-created_by=\"avia_inline_auto\" id=\"style-css-av-lqqh4f1h-4ca3fed1b871ab8fb9f6a7c053ac197f\">\n#top .hr.av-lqqh4f1h-4ca3fed1b871ab8fb9f6a7c053ac197f{\nmargin-top:0;\nmargin-bottom:10px;\n}\n.hr.av-lqqh4f1h-4ca3fed1b871ab8fb9f6a7c053ac197f .hr-inner{\nwidth:150px;\nborder-color:#45464c;\n}\n<\/style>\n<div  class='hr av-lqqh4f1h-4ca3fed1b871ab8fb9f6a7c053ac197f hr-custom  avia-builder-el-2  el_after_av_heading  el_before_av_textblock  hr-center hr-icon-no'><span class='hr-inner inner-border-av-border-thin'><span class=\"hr-inner-style\"><\/span><\/span><\/div>\n\n<style type=\"text\/css\" data-created_by=\"avia_inline_auto\" id=\"style-css-av-lqqh3baa-8e99a970002bd0d4e33e98e007aa4557\">\n#top .av_textblock_section.av-lqqh3baa-8e99a970002bd0d4e33e98e007aa4557 .avia_textblock{\ntext-align:center;\n}\n<\/style>\n<section  class='av_textblock_section av-lqqh3baa-8e99a970002bd0d4e33e98e007aa4557 '   itemscope=\"itemscope\" itemtype=\"https:\/\/schema.org\/CreativeWork\" ><div class='avia_textblock'  itemprop=\"text\" ><h4><span style=\"color: #598ecb;\">Would you like to enjoy our campsite as a holiday home?<\/span><\/h4>\n<\/div><\/section>\n\n<style type=\"text\/css\" data-created_by=\"avia_inline_auto\" id=\"style-css-av-bvvvxb-ea3d15c9df29d5d8a44f1ff3d3a572e4\">\n#top .hr.hr-invisible.av-bvvvxb-ea3d15c9df29d5d8a44f1ff3d3a572e4{\nheight:40px;\n}\n<\/style>\n<div  class='hr av-bvvvxb-ea3d15c9df29d5d8a44f1ff3d3a572e4 hr-invisible  avia-builder-el-4  el_after_av_textblock  el_before_av_one_half '><span class='hr-inner '><span class=\"hr-inner-style\"><\/span><\/span><\/div>\n<div  class='flex_column av-54oawe-ffa3119385c4d008b8d316124ec18be6 av_one_half  avia-builder-el-5  el_after_av_hr  el_before_av_one_half  first flex_column_div  '     ><style type=\"text\/css\" data-created_by=\"avia_inline_auto\" id=\"style-css-av-lsj6bqua-2dea317d06ade677a8b45354c4a59ac8\">\n#top .av_textblock_section.av-lsj6bqua-2dea317d06ade677a8b45354c4a59ac8 .avia_textblock{\ntext-align:left;\n}\n<\/style>\n<section  class='av_textblock_section av-lsj6bqua-2dea317d06ade677a8b45354c4a59ac8 '   itemscope=\"itemscope\" itemtype=\"https:\/\/schema.org\/CreativeWork\" ><div class='avia_textblock'  itemprop=\"text\" ><p>At the Ch\u00e2teau de l&#8217;Oseraie campsite, you&#8217;ll enjoy a relaxing, bucolic setting.<br \/>\nYou&#8217;ll appreciate the campsite&#8217;s many facilities, including a heated swimming pool, access to the cycle route and ponds just 2 minutes away, a p\u00e9tanque area, tennis court and children&#8217;s playground, as well as a little grocery shop, snack bar, bread depot and much more&#8230;<br \/>\nAll with a warm, home-from-home welcome.<\/p>\n<\/div><\/section><\/div><div  class='flex_column av-4jlcrz-e82bd016d9ca20e8bb91ba5f746ce466 av_one_half  avia-builder-el-7  el_after_av_one_half  el_before_av_hr  flex_column_div  '     ><style type=\"text\/css\" data-created_by=\"avia_inline_auto\" id=\"style-css-av-lsj6f5th-0523949a29c954cc3cdffe7e8894645f\">\n#top .av_textblock_section.av-lsj6f5th-0523949a29c954cc3cdffe7e8894645f .avia_textblock{\ntext-align:left;\n}\n<\/style>\n<section  class='av_textblock_section av-lsj6f5th-0523949a29c954cc3cdffe7e8894645f '   itemscope=\"itemscope\" itemtype=\"https:\/\/schema.org\/CreativeWork\" ><div class='avia_textblock'  itemprop=\"text\" ><h4>2 options:<\/h4>\n<\/div><\/section><br \/>\n\n<style type=\"text\/css\" data-created_by=\"avia_inline_auto\" id=\"style-css-av-lsj68o8r-dc1dad84e550b5405a7db7664aa0b1b1\">\n#top .avia-icon-list-container.av-lsj68o8r-dc1dad84e550b5405a7db7664aa0b1b1 .iconlist_icon{\ncolor:#ffffff;\nbackground-color:#cd6f48;\nfont-size:17px;\n}\n#top .avia-icon-list-container.av-lsj68o8r-dc1dad84e550b5405a7db7664aa0b1b1 .iconlist_icon svg:first-child{\nstroke:#ffffff;\nfill:#ffffff;\nheight:17px;\nwidth:17px;\n}\n#top #wrap_all .avia-icon-list-container.av-lsj68o8r-dc1dad84e550b5405a7db7664aa0b1b1 .av_iconlist_title{\nfont-size:17px;\n}\n<\/style>\n<div  class='avia-icon-list-container av-lsj68o8r-dc1dad84e550b5405a7db7664aa0b1b1  avia-builder-el-9  el_after_av_textblock  avia-builder-el-last '><ul class='avia-icon-list avia_animate_when_almost_visible avia-icon-list-left av-iconlist-small av-lsj68o8r-dc1dad84e550b5405a7db7664aa0b1b1 avia-iconlist-animate'>\n<li><div class='iconlist_icon av-lsj66p0w-a07ce1b0be59f323918c515c2e2d9c75 avia-font-entypo-fontello avia-iconfont avia-font-entypo-fontello'><span class='av-icon-char' data-av_icon='\ue812' data-av_iconfont='entypo-fontello' aria-hidden=\"true\"><\/span><\/div><article class=\"article-icon-entry av-iconlist-empty\"  itemscope=\"itemscope\" itemtype=\"https:\/\/schema.org\/CreativeWork\" ><div class=\"iconlist_content_wrap\"><header class=\"entry-content-header\" aria-label=\"Icon: Buy a new or second-hand mobile home and place it on one of our available plots.\"><div class='av_iconlist_title iconlist_title_small  '  itemprop=\"headline\" >Buy a new or second-hand mobile home and place it on one of our available plots.<\/div><\/header><div class='iconlist_content '  itemprop=\"text\" ><\/div><\/div><footer class=\"entry-footer\"><\/footer><\/article><div class=\"iconlist-timeline\"><\/div><\/li>\n<li><div class='iconlist_icon av-lsj66p0w-1-d88fb335bd6064eb1286467f9a55fdc0 avia-font-entypo-fontello avia-iconfont avia-font-entypo-fontello'><span class='av-icon-char' data-av_icon='\ue812' data-av_iconfont='entypo-fontello' aria-hidden=\"true\"><\/span><\/div><article class=\"article-icon-entry av-iconlist-empty\"  itemscope=\"itemscope\" itemtype=\"https:\/\/schema.org\/CreativeWork\" ><div class=\"iconlist_content_wrap\"><header class=\"entry-content-header\" aria-label=\"Icon: Ask us for the mobile homes for sale directly at the campsite.\"><div class='av_iconlist_title iconlist_title_small  '  itemprop=\"headline\" >Ask us for the mobile homes for sale directly at the campsite.<\/div><\/header><div class='iconlist_content '  itemprop=\"text\" ><\/div><\/div><footer class=\"entry-footer\"><\/footer><\/article><div class=\"iconlist-timeline\"><\/div><\/li>\n<\/ul><\/div><\/p><\/div>\n<style type=\"text\/css\" data-created_by=\"avia_inline_auto\" id=\"style-css-av-2dh2hr-d544cfe195352e8302515903309e98b0\">\n#top .hr.hr-invisible.av-2dh2hr-d544cfe195352e8302515903309e98b0{\nheight:40px;\n}\n<\/style>\n<div  class='hr av-2dh2hr-d544cfe195352e8302515903309e98b0 hr-invisible  avia-builder-el-10  el_after_av_one_half  el_before_av_one_half '><span class='hr-inner '><span class=\"hr-inner-style\"><\/span><\/span><\/div>\n<div  class='flex_column av-2tscgv-46d554a90b125c7f0d83eba2b1c21bb6 av_one_half  avia-builder-el-11  el_after_av_hr  el_before_av_one_half  first flex_column_div  '     ><p>\n<style type=\"text\/css\" data-created_by=\"avia_inline_auto\" id=\"style-css-av-lsm2o9x0-013b9203b9eb07cabb847b3caf744ef9\">\n#top .av-special-heading.av-lsm2o9x0-013b9203b9eb07cabb847b3caf744ef9{\npadding-bottom:10px;\ncolor:#cd6f48;\nfont-size:24px;\n}\nbody .av-special-heading.av-lsm2o9x0-013b9203b9eb07cabb847b3caf744ef9 .av-special-heading-tag .heading-char{\nfont-size:25px;\n}\n#top #wrap_all .av-special-heading.av-lsm2o9x0-013b9203b9eb07cabb847b3caf744ef9 .av-special-heading-tag{\nfont-size:24px;\n}\n.av-special-heading.av-lsm2o9x0-013b9203b9eb07cabb847b3caf744ef9 .special-heading-inner-border{\nborder-color:#cd6f48;\n}\n.av-special-heading.av-lsm2o9x0-013b9203b9eb07cabb847b3caf744ef9 .av-subheading{\nfont-size:15px;\n}\n\n@media only screen and (min-width: 480px) and (max-width: 767px){ \n#top #wrap_all .av-special-heading.av-lsm2o9x0-013b9203b9eb07cabb847b3caf744ef9 .av-special-heading-tag{\nfont-size:0.8em;\n}\n}\n\n@media only screen and (max-width: 479px){ \n#top #wrap_all .av-special-heading.av-lsm2o9x0-013b9203b9eb07cabb847b3caf744ef9 .av-special-heading-tag{\nfont-size:0.8em;\n}\n}\n<\/style>\n<div  class='av-special-heading av-lsm2o9x0-013b9203b9eb07cabb847b3caf744ef9 av-special-heading-h4 custom-color-heading blockquote modern-quote  avia-builder-el-12  el_before_av_codeblock  avia-builder-el-first  av-inherit-size'><h4 class='av-special-heading-tag '  itemprop=\"headline\"  >2026 Residential price<\/h4><div class=\"special-heading-border\"><div class=\"special-heading-inner-border\"><\/div><\/div><\/div><br \/>\n<br \/>\n<\/p><\/div>\n<style type=\"text\/css\" data-created_by=\"avia_inline_auto\" id=\"style-css-av-ze333-1a84ddda5b374ca3182e18b5327353b8\">\n@keyframes av_boxShadowEffect_av-ze333-1a84ddda5b374ca3182e18b5327353b8-column {\n0%   { box-shadow:  0 0 0 0 #000000; opacity: 1; }\n100% { box-shadow:  0 0 15px 0 #000000; opacity: 1; }\n}\n.flex_column.av-ze333-1a84ddda5b374ca3182e18b5327353b8{\nbox-shadow: 0 0 15px 0 #000000;\npadding:30px 30px 30px 30px;\nbackground-color:#f8f8f8;\n}\n<\/style>\n<div  class='flex_column av-ze333-1a84ddda5b374ca3182e18b5327353b8 av_one_half  avia-builder-el-15  el_after_av_one_half  avia-builder-el-last  flex_column_div shadow-not-animated  '     ><style type=\"text\/css\" data-created_by=\"avia_inline_auto\" id=\"style-css-av-e4a1qn-d8601a349244ab996c0c4bffa5fe1244\">\n#top .av_textblock_section.av-e4a1qn-d8601a349244ab996c0c4bffa5fe1244 .avia_textblock{\ncolor:#cd6f48;\ntext-align:center;\n}\n<\/style>\n<section  class='av_textblock_section av-e4a1qn-d8601a349244ab996c0c4bffa5fe1244 '   itemscope=\"itemscope\" itemtype=\"https:\/\/schema.org\/CreativeWork\" ><div class='avia_textblock av_inherit_color'  itemprop=\"text\" ><h4>Mobile homes for sale at camping Ch\u00e2teau de l&#8217;Oseraie<\/h4>\n<\/div><\/section><br \/>\n\n<style type=\"text\/css\" data-created_by=\"avia_inline_auto\" id=\"style-css-av-lsm2ejz1-7fed2d95a90d96105f3f3317961d214f\">\n#top .av_textblock_section.av-lsm2ejz1-7fed2d95a90d96105f3f3317961d214f .avia_textblock{\ntext-align:center;\n}\n<\/style>\n<section  class='av_textblock_section av-lsm2ejz1-7fed2d95a90d96105f3f3317961d214f '   itemscope=\"itemscope\" itemtype=\"https:\/\/schema.org\/CreativeWork\" ><div class='avia_textblock'  itemprop=\"text\" ><p>Please do not hesitate to contact us for information on available plots.<\/p>\n<\/div><\/section><\/p><\/div>\n","protected":false},"excerpt":{"rendered":"","protected":false},"author":3,"featured_media":4240,"parent":0,"menu_order":0,"comment_status":"closed","ping_status":"closed","template":"","meta":{"footnotes":""},"class_list":["post-4338","page","type-page","status-publish","has-post-thumbnail","hentry"],"yoast_head":"<!-- This site is optimized with the Yoast SEO plugin v27.4 - https:\/\/yoast.com\/product\/yoast-seo-wordpress\/ -->\n<title>Become the owner of a mobile home near P\u00e9ronne in a 3-star campsite<\/title>\n<meta name=\"description\" content=\"Buy a mobile home on a campsite near P\u00e9ronne and take advantage of all the services of the 3-star Ch\u00e2teau de l&#039;Oseraie campsite, close to the A1 motorway\" \/>\n<meta name=\"robots\" content=\"index, follow, max-snippet:-1, max-image-preview:large, max-video-preview:-1\" \/>\n<link rel=\"canonical\" href=\"https:\/\/camping-chateau-oseraie.fr\/en\/residential\/\" \/>\n<meta property=\"og:locale\" content=\"en_US\" \/>\n<meta property=\"og:type\" content=\"article\" \/>\n<meta property=\"og:title\" content=\"Become the owner of a mobile home near P\u00e9ronne in a 3-star campsite\" \/>\n<meta property=\"og:description\" content=\"Buy a mobile home on a campsite near P\u00e9ronne and take advantage of all the services of the 3-star Ch\u00e2teau de l&#039;Oseraie campsite, close to the A1 motorway\" \/>\n<meta property=\"og:url\" content=\"https:\/\/camping-chateau-oseraie.fr\/en\/residential\/\" \/>\n<meta property=\"og:site_name\" content=\"Camping *** Ch\u00e2teau de l&#039;Oseraie\" \/>\n<meta property=\"article:publisher\" content=\"https:\/\/www.facebook.com\/CampingChateauOseraie\" \/>\n<meta property=\"article:modified_time\" content=\"2026-04-14T16:49:00+00:00\" \/>\n<meta property=\"og:image\" content=\"https:\/\/camping-chateau-oseraie.fr\/wp-content\/uploads\/2024\/02\/IMG_0253-773x1030.jpeg\" \/>\n\t<meta property=\"og:image:width\" content=\"773\" \/>\n\t<meta property=\"og:image:height\" content=\"1030\" \/>\n\t<meta property=\"og:image:type\" content=\"image\/jpeg\" \/>\n<meta name=\"twitter:card\" content=\"summary_large_image\" \/>\n<meta name=\"twitter:label1\" content=\"Est. reading time\" \/>\n\t<meta name=\"twitter:data1\" content=\"1 minute\" \/>\n<script type=\"application\/ld+json\" class=\"yoast-schema-graph\">{\"@context\":\"https:\\\/\\\/schema.org\",\"@graph\":[{\"@type\":\"WebPage\",\"@id\":\"https:\\\/\\\/camping-chateau-oseraie.fr\\\/en\\\/residential\\\/\",\"url\":\"https:\\\/\\\/camping-chateau-oseraie.fr\\\/en\\\/residential\\\/\",\"name\":\"Become the owner of a mobile home near P\u00e9ronne in a 3-star campsite\",\"isPartOf\":{\"@id\":\"https:\\\/\\\/camping-chateau-oseraie.fr\\\/#website\"},\"primaryImageOfPage\":{\"@id\":\"https:\\\/\\\/camping-chateau-oseraie.fr\\\/en\\\/residential\\\/#primaryimage\"},\"image\":{\"@id\":\"https:\\\/\\\/camping-chateau-oseraie.fr\\\/en\\\/residential\\\/#primaryimage\"},\"thumbnailUrl\":\"https:\\\/\\\/camping-chateau-oseraie.fr\\\/wp-content\\\/uploads\\\/2024\\\/02\\\/IMG_0253-scaled.jpeg\",\"datePublished\":\"2024-02-14T15:17:39+00:00\",\"dateModified\":\"2026-04-14T16:49:00+00:00\",\"description\":\"Buy a mobile home on a campsite near P\u00e9ronne and take advantage of all the services of the 3-star Ch\u00e2teau de l'Oseraie campsite, close to the A1 motorway\",\"breadcrumb\":{\"@id\":\"https:\\\/\\\/camping-chateau-oseraie.fr\\\/en\\\/residential\\\/#breadcrumb\"},\"inLanguage\":\"en-US\",\"potentialAction\":[{\"@type\":\"ReadAction\",\"target\":[\"https:\\\/\\\/camping-chateau-oseraie.fr\\\/en\\\/residential\\\/\"]}]},{\"@type\":\"ImageObject\",\"inLanguage\":\"en-US\",\"@id\":\"https:\\\/\\\/camping-chateau-oseraie.fr\\\/en\\\/residential\\\/#primaryimage\",\"url\":\"https:\\\/\\\/camping-chateau-oseraie.fr\\\/wp-content\\\/uploads\\\/2024\\\/02\\\/IMG_0253-scaled.jpeg\",\"contentUrl\":\"https:\\\/\\\/camping-chateau-oseraie.fr\\\/wp-content\\\/uploads\\\/2024\\\/02\\\/IMG_0253-scaled.jpeg\",\"width\":1920,\"height\":2560},{\"@type\":\"BreadcrumbList\",\"@id\":\"https:\\\/\\\/camping-chateau-oseraie.fr\\\/en\\\/residential\\\/#breadcrumb\",\"itemListElement\":[{\"@type\":\"ListItem\",\"position\":1,\"name\":\"Accueil\",\"item\":\"https:\\\/\\\/camping-chateau-oseraie.fr\\\/en\\\/\"},{\"@type\":\"ListItem\",\"position\":2,\"name\":\"Residential\"}]},{\"@type\":\"WebSite\",\"@id\":\"https:\\\/\\\/camping-chateau-oseraie.fr\\\/#website\",\"url\":\"https:\\\/\\\/camping-chateau-oseraie.fr\\\/\",\"name\":\"Camping*** Ch\u00e2teau de l'Oseraie\",\"description\":\"Camping *** Ch\u00e2teau de l&#039;Oseraie\",\"publisher\":{\"@id\":\"https:\\\/\\\/camping-chateau-oseraie.fr\\\/#organization\"},\"alternateName\":\"Camping pr\u00e8s de P\u00e9ronne et de l'autoroute A1\",\"potentialAction\":[{\"@type\":\"SearchAction\",\"target\":{\"@type\":\"EntryPoint\",\"urlTemplate\":\"https:\\\/\\\/camping-chateau-oseraie.fr\\\/?s={search_term_string}\"},\"query-input\":{\"@type\":\"PropertyValueSpecification\",\"valueRequired\":true,\"valueName\":\"search_term_string\"}}],\"inLanguage\":\"en-US\"},{\"@type\":\"Organization\",\"@id\":\"https:\\\/\\\/camping-chateau-oseraie.fr\\\/#organization\",\"name\":\"Camping *** Ch\u00e2teau de l'Oseraie\",\"alternateName\":\"Ch\u00e2teau de l'Oseraie, Camping 3 \u00e9toiles\",\"url\":\"https:\\\/\\\/camping-chateau-oseraie.fr\\\/\",\"logo\":{\"@type\":\"ImageObject\",\"inLanguage\":\"en-US\",\"@id\":\"https:\\\/\\\/camping-chateau-oseraie.fr\\\/#\\\/schema\\\/logo\\\/image\\\/\",\"url\":\"https:\\\/\\\/camping-chateau-oseraie.fr\\\/wp-content\\\/uploads\\\/2024\\\/02\\\/logo-chateau-oseraie-jaune.png\",\"contentUrl\":\"https:\\\/\\\/camping-chateau-oseraie.fr\\\/wp-content\\\/uploads\\\/2024\\\/02\\\/logo-chateau-oseraie-jaune.png\",\"width\":169,\"height\":220,\"caption\":\"Camping *** Ch\u00e2teau de l'Oseraie\"},\"image\":{\"@id\":\"https:\\\/\\\/camping-chateau-oseraie.fr\\\/#\\\/schema\\\/logo\\\/image\\\/\"},\"sameAs\":[\"https:\\\/\\\/www.facebook.com\\\/CampingChateauOseraie\",\"https:\\\/\\\/www.instagram.com\\\/camping_chateau_et_oseraie\\\/\"]}]}<\/script>\n<!-- \/ Yoast SEO plugin. -->","yoast_head_json":{"title":"Become the owner of a mobile home near P\u00e9ronne in a 3-star campsite","description":"Buy a mobile home on a campsite near P\u00e9ronne and take advantage of all the services of the 3-star Ch\u00e2teau de l'Oseraie campsite, close to the A1 motorway","robots":{"index":"index","follow":"follow","max-snippet":"max-snippet:-1","max-image-preview":"max-image-preview:large","max-video-preview":"max-video-preview:-1"},"canonical":"https:\/\/camping-chateau-oseraie.fr\/en\/residential\/","og_locale":"en_US","og_type":"article","og_title":"Become the owner of a mobile home near P\u00e9ronne in a 3-star campsite","og_description":"Buy a mobile home on a campsite near P\u00e9ronne and take advantage of all the services of the 3-star Ch\u00e2teau de l'Oseraie campsite, close to the A1 motorway","og_url":"https:\/\/camping-chateau-oseraie.fr\/en\/residential\/","og_site_name":"Camping *** Ch\u00e2teau de l&#039;Oseraie","article_publisher":"https:\/\/www.facebook.com\/CampingChateauOseraie","article_modified_time":"2026-04-14T16:49:00+00:00","og_image":[{"width":773,"height":1030,"url":"https:\/\/camping-chateau-oseraie.fr\/wp-content\/uploads\/2024\/02\/IMG_0253-773x1030.jpeg","type":"image\/jpeg"}],"twitter_card":"summary_large_image","twitter_misc":{"Est. reading time":"1 minute"},"schema":{"@context":"https:\/\/schema.org","@graph":[{"@type":"WebPage","@id":"https:\/\/camping-chateau-oseraie.fr\/en\/residential\/","url":"https:\/\/camping-chateau-oseraie.fr\/en\/residential\/","name":"Become the owner of a mobile home near P\u00e9ronne in a 3-star campsite","isPartOf":{"@id":"https:\/\/camping-chateau-oseraie.fr\/#website"},"primaryImageOfPage":{"@id":"https:\/\/camping-chateau-oseraie.fr\/en\/residential\/#primaryimage"},"image":{"@id":"https:\/\/camping-chateau-oseraie.fr\/en\/residential\/#primaryimage"},"thumbnailUrl":"https:\/\/camping-chateau-oseraie.fr\/wp-content\/uploads\/2024\/02\/IMG_0253-scaled.jpeg","datePublished":"2024-02-14T15:17:39+00:00","dateModified":"2026-04-14T16:49:00+00:00","description":"Buy a mobile home on a campsite near P\u00e9ronne and take advantage of all the services of the 3-star Ch\u00e2teau de l'Oseraie campsite, close to the A1 motorway","breadcrumb":{"@id":"https:\/\/camping-chateau-oseraie.fr\/en\/residential\/#breadcrumb"},"inLanguage":"en-US","potentialAction":[{"@type":"ReadAction","target":["https:\/\/camping-chateau-oseraie.fr\/en\/residential\/"]}]},{"@type":"ImageObject","inLanguage":"en-US","@id":"https:\/\/camping-chateau-oseraie.fr\/en\/residential\/#primaryimage","url":"https:\/\/camping-chateau-oseraie.fr\/wp-content\/uploads\/2024\/02\/IMG_0253-scaled.jpeg","contentUrl":"https:\/\/camping-chateau-oseraie.fr\/wp-content\/uploads\/2024\/02\/IMG_0253-scaled.jpeg","width":1920,"height":2560},{"@type":"BreadcrumbList","@id":"https:\/\/camping-chateau-oseraie.fr\/en\/residential\/#breadcrumb","itemListElement":[{"@type":"ListItem","position":1,"name":"Accueil","item":"https:\/\/camping-chateau-oseraie.fr\/en\/"},{"@type":"ListItem","position":2,"name":"Residential"}]},{"@type":"WebSite","@id":"https:\/\/camping-chateau-oseraie.fr\/#website","url":"https:\/\/camping-chateau-oseraie.fr\/","name":"Camping*** Ch\u00e2teau de l'Oseraie","description":"Camping *** Ch\u00e2teau de l&#039;Oseraie","publisher":{"@id":"https:\/\/camping-chateau-oseraie.fr\/#organization"},"alternateName":"Camping pr\u00e8s de P\u00e9ronne et de l'autoroute A1","potentialAction":[{"@type":"SearchAction","target":{"@type":"EntryPoint","urlTemplate":"https:\/\/camping-chateau-oseraie.fr\/?s={search_term_string}"},"query-input":{"@type":"PropertyValueSpecification","valueRequired":true,"valueName":"search_term_string"}}],"inLanguage":"en-US"},{"@type":"Organization","@id":"https:\/\/camping-chateau-oseraie.fr\/#organization","name":"Camping *** Ch\u00e2teau de l'Oseraie","alternateName":"Ch\u00e2teau de l'Oseraie, Camping 3 \u00e9toiles","url":"https:\/\/camping-chateau-oseraie.fr\/","logo":{"@type":"ImageObject","inLanguage":"en-US","@id":"https:\/\/camping-chateau-oseraie.fr\/#\/schema\/logo\/image\/","url":"https:\/\/camping-chateau-oseraie.fr\/wp-content\/uploads\/2024\/02\/logo-chateau-oseraie-jaune.png","contentUrl":"https:\/\/camping-chateau-oseraie.fr\/wp-content\/uploads\/2024\/02\/logo-chateau-oseraie-jaune.png","width":169,"height":220,"caption":"Camping *** Ch\u00e2teau de l'Oseraie"},"image":{"@id":"https:\/\/camping-chateau-oseraie.fr\/#\/schema\/logo\/image\/"},"sameAs":["https:\/\/www.facebook.com\/CampingChateauOseraie","https:\/\/www.instagram.com\/camping_chateau_et_oseraie\/"]}]}},"_links":{"self":[{"href":"https:\/\/camping-chateau-oseraie.fr\/en\/wp-json\/wp\/v2\/pages\/4338","targetHints":{"allow":["GET"]}}],"collection":[{"href":"https:\/\/camping-chateau-oseraie.fr\/en\/wp-json\/wp\/v2\/pages"}],"about":[{"href":"https:\/\/camping-chateau-oseraie.fr\/en\/wp-json\/wp\/v2\/types\/page"}],"author":[{"embeddable":true,"href":"https:\/\/camping-chateau-oseraie.fr\/en\/wp-json\/wp\/v2\/users\/3"}],"replies":[{"embeddable":true,"href":"https:\/\/camping-chateau-oseraie.fr\/en\/wp-json\/wp\/v2\/comments?post=4338"}],"version-history":[{"count":0,"href":"https:\/\/camping-chateau-oseraie.fr\/en\/wp-json\/wp\/v2\/pages\/4338\/revisions"}],"wp:featuredmedia":[{"embeddable":true,"href":"https:\/\/camping-chateau-oseraie.fr\/en\/wp-json\/wp\/v2\/media\/4240"}],"wp:attachment":[{"href":"https:\/\/camping-chateau-oseraie.fr\/en\/wp-json\/wp\/v2\/media?parent=4338"}],"curies":[{"name":"wp","href":"https:\/\/api.w.org\/{rel}","templated":true}]}}