{"id":5514,"date":"2023-12-29T17:39:34","date_gmt":"2023-12-29T16:39:34","guid":{"rendered":"https:\/\/camping-chateau-oseraie.fr\/contact-camping-chateau-et-oseraie\/"},"modified":"2026-04-14T18:58:37","modified_gmt":"2026-04-14T16:58:37","slug":"kontakt-camping-chateau-oseraie","status":"publish","type":"page","link":"https:\/\/camping-chateau-oseraie.fr\/de\/kontakt-camping-chateau-oseraie\/","title":{"rendered":"Kontakt"},"content":{"rendered":"<div  class='av_gmaps_sc_main_wrap av_gmaps_main_wrap '><div id='av_gmap_0' class='avia-google-map-container avia-google-map-sc av_gmaps_show_unconditionally av-no-fallback-img ' data-mapid='av_gmap_0'  style='height: 400px;'><a class=\"av_gmaps_browser_disabled av_text_confirm_link av_text_confirm_link_visible\" href=\"https:\/\/www.google.com\/maps\/search\/?api=1&#038;query=10%20rue%20du%20Ch\u00e2teau%2080200%20Feuill\u00e8res%20%20France\" target=\"_blank\">Aufgrund deiner Datenschutz-Einstellungen k\u00f6nnen wir Ihnen die Karte nicht anzeigen. Klicken Sie hier, um die Karte in einem neuen Fenster zu \u00f6ffnen.<\/a><\/div><\/div>\n\n<style type=\"text\/css\" data-created_by=\"avia_inline_auto\" id=\"style-css-av-lqqjcot8-dd8303e7818d6fa6002e8b3f3c7879c8\">\n.avia-section.av-lqqjcot8-dd8303e7818d6fa6002e8b3f3c7879c8{\nbackground-color:#f8f8f8;\nbackground-image:unset;\nmargin-top:0px;\nmargin-bottom:0px;\n}\n<\/style>\n<div id='av_section_1'  class='avia-section av-lqqjcot8-dd8303e7818d6fa6002e8b3f3c7879c8 main_color avia-section-default avia-no-border-styling  avia-builder-el-1  el_after_av_google_map  avia-builder-el-last  avia-bg-style-scroll container_wrap fullsize'  ><div class='container av-section-cont-open' ><div class='template-page content  av-content-full alpha units'><div class='post-entry post-entry-type-page post-entry-5514'><div class='entry-content-wrapper clearfix'>\n<div  class='flex_column av-69cmyq-4215b9ea574e2cfdd3144227f0f1ae9b av_one_half  avia-builder-el-2  el_before_av_one_half  avia-builder-el-first  first flex_column_div  '     ><p>\n<style type=\"text\/css\" data-created_by=\"avia_inline_auto\" id=\"style-css-av-ls3kf9wr-297d39a2b10b4a1cb9a11c17c83210de\">\n.avia-image-container.av-ls3kf9wr-297d39a2b10b4a1cb9a11c17c83210de img.avia_image{\nbox-shadow:none;\n}\n.avia-image-container.av-ls3kf9wr-297d39a2b10b4a1cb9a11c17c83210de .av-image-caption-overlay-center{\ncolor:#ffffff;\n}\n<\/style>\n<div  class='avia-image-container av-ls3kf9wr-297d39a2b10b4a1cb9a11c17c83210de av-styling- avia-align-center  avia-builder-el-3  el_before_av_button  avia-builder-el-first '   itemprop=\"image\" itemscope=\"itemscope\" itemtype=\"https:\/\/schema.org\/ImageObject\" ><div class=\"avia-image-container-inner\"><div class=\"avia-image-overlay-wrap\"><img decoding=\"async\" fetchpriority=\"high\" class='wp-image-5538 avia-img-lazy-loading-not-5538 avia_image ' src=\"https:\/\/camping-chateau-oseraie.fr\/wp-content\/uploads\/2024\/02\/logo-chateau-oseraie-jaune.png\" alt='Camping Ch\u00e2teau de l&#039;Oseraie' title='Camping Ch\u00e2teau de l&#039;Oseraie'  height=\"220\" width=\"169\"  itemprop=\"thumbnailUrl\"  \/><\/div><\/div><\/div><br \/>\n<div  class='avia-button-wrap av-lsm20brj-455461adc9adb2b91c7c55bdf278671b-wrap avia-button-center  avia-builder-el-4  el_after_av_image  el_before_av_hr '>\n<style type=\"text\/css\" data-created_by=\"avia_inline_auto\" id=\"style-css-av-lsm20brj-455461adc9adb2b91c7c55bdf278671b\">\n#top #wrap_all .avia-button.av-lsm20brj-455461adc9adb2b91c7c55bdf278671b{\nbackground-color:#ffbf40;\nborder-color:#ffbf40;\ncolor:#ffffff;\ntransition:all 0.4s ease-in-out;\n}\n#top #wrap_all .avia-button.av-lsm20brj-455461adc9adb2b91c7c55bdf278671b .avia-svg-icon svg:first-child{\nfill:#ffffff;\nstroke:#ffffff;\n}\n<\/style>\n<a href='https:\/\/camping-chateau-oseraie.fr\/avis-clients\/'  class='avia-button av-lsm20brj-455461adc9adb2b91c7c55bdf278671b av-link-btn avia-icon_select-yes-left-icon avia-size-small avia-position-center'   aria-label=\"Avis clients\"><span class='avia_button_icon avia_button_icon_left avia-iconfont avia-font-entypo-fontello' data-av_icon='\ue832' data-av_iconfont='entypo-fontello' ><\/span><span class='avia_iconbox_title' >Avis clients<\/span><\/a><\/div><br \/>\n\n<style type=\"text\/css\" data-created_by=\"avia_inline_auto\" id=\"style-css-av-lsm210od-95b17db807f27ce3dd0b5de3db948733\">\n#top .hr.hr-invisible.av-lsm210od-95b17db807f27ce3dd0b5de3db948733{\nheight:20px;\n}\n<\/style>\n<div  class='hr av-lsm210od-95b17db807f27ce3dd0b5de3db948733 hr-invisible  avia-builder-el-5  el_after_av_button  el_before_av_textblock '><span class='hr-inner '><span class=\"hr-inner-style\"><\/span><\/span><\/div><br \/>\n\n<style type=\"text\/css\" data-created_by=\"avia_inline_auto\" id=\"style-css-av-lqqutefz-970d7b53256b061dbf0b0681530e573a\">\n#top .av_textblock_section.av-lqqutefz-970d7b53256b061dbf0b0681530e573a .avia_textblock{\ntext-align:center;\n}\n<\/style>\n<section  class='av_textblock_section av-lqqutefz-970d7b53256b061dbf0b0681530e573a '   itemscope=\"itemscope\" itemtype=\"https:\/\/schema.org\/CreativeWork\" ><div class='avia_textblock'  itemprop=\"text\" ><h4><span style=\"color: #45464c;\">Camping*** <\/span><span style=\"color: #45464c;\">Ch\u00e2teau de l\u2019Oseraie<\/span><\/h4>\n<p>10 rue du Ch\u00e2teau &#8211; 80200 FEUILL\u00c8RES &#8211; France<br \/>\nT\u00e9l. <strong><a href=\"tel:+33322831759\">03 22 83 17 59<\/a><\/strong> &#8211; <strong><a href=\"tel:+33616979342\">06 16 97 93 42<\/a><\/strong><br \/>\nEmail : <strong><a href=\"mailto:info@camping-chateau-oseraie.fr\">info@camping-chateau-oseraie.fr<\/a><\/strong><\/p>\n<p><a href=\"https:\/\/www.facebook.com\/CampingChateauOseraie\" target=\"_blank\" rel=\"noopener\"><img loading=\"lazy\" decoding=\"async\" class=\"alignnone size-medium wp-image-2948\" src=\"https:\/\/camping-chateau-oseraie.com\/wp-content\/uploads\/2023\/12\/icone-facebook.png\" alt=\"\" width=\"40\" height=\"40\" srcset=\"https:\/\/camping-chateau-oseraie.fr\/wp-content\/uploads\/2023\/12\/icone-facebook.png 60w, https:\/\/camping-chateau-oseraie.fr\/wp-content\/uploads\/2023\/12\/icone-facebook-36x36.png 36w\" sizes=\"auto, (max-width: 40px) 100vw, 40px\" \/><\/a> <a href=\"https:\/\/www.instagram.com\/camping_chateau_et_oseraie\/\" target=\"_blank\" rel=\"noopener\"><img loading=\"lazy\" decoding=\"async\" class=\"alignnone size-medium wp-image-2949\" src=\"https:\/\/camping-chateau-oseraie.com\/wp-content\/uploads\/2023\/12\/icone-instagram.png\" alt=\"\" width=\"40\" height=\"40\" srcset=\"https:\/\/camping-chateau-oseraie.fr\/wp-content\/uploads\/2023\/12\/icone-instagram.png 60w, https:\/\/camping-chateau-oseraie.fr\/wp-content\/uploads\/2023\/12\/icone-instagram-36x36.png 36w\" sizes=\"auto, (max-width: 40px) 100vw, 40px\" \/><\/a><\/p>\n<\/div><\/section><br \/>\n\n<style type=\"text\/css\" data-created_by=\"avia_inline_auto\" id=\"style-css-av-lr0ndlxu-7b747b7d37325186ace85aaddaea85e8\">\n#top .hr.hr-invisible.av-lr0ndlxu-7b747b7d37325186ace85aaddaea85e8{\nheight:10px;\n}\n<\/style>\n<div  class='hr av-lr0ndlxu-7b747b7d37325186ace85aaddaea85e8 hr-invisible  avia-builder-el-7  el_after_av_textblock  el_before_av_image '><span class='hr-inner '><span class=\"hr-inner-style\"><\/span><\/span><\/div><br \/>\n\n<style type=\"text\/css\" data-created_by=\"avia_inline_auto\" id=\"style-css-av-1wp29u-d7787fde3cee5d801a86f08f227c0f4f\">\n.avia-image-container.av-1wp29u-d7787fde3cee5d801a86f08f227c0f4f img.avia_image{\nbox-shadow:none;\n}\n.avia-image-container.av-1wp29u-d7787fde3cee5d801a86f08f227c0f4f .av-image-caption-overlay-center{\ncolor:#ffffff;\n}\n<\/style>\n<div  class='avia-image-container av-1wp29u-d7787fde3cee5d801a86f08f227c0f4f av-styling- avia-align-center  avia-builder-el-8  el_after_av_hr  el_before_av_textblock '   itemprop=\"image\" itemscope=\"itemscope\" itemtype=\"https:\/\/schema.org\/ImageObject\" ><div class=\"avia-image-container-inner\"><div class=\"avia-image-overlay-wrap\"><img decoding=\"async\" fetchpriority=\"high\" class='wp-image-5539 avia-img-lazy-loading-not-5539 avia_image ' src=\"https:\/\/camping-chateau-oseraie.fr\/wp-content\/uploads\/2024\/02\/plan-situation-Fd-Blanc.png\" alt='' title='plan-situation-Fd-Blanc'  height=\"610\" width=\"773\"  itemprop=\"thumbnailUrl\" srcset=\"https:\/\/camping-chateau-oseraie.fr\/wp-content\/uploads\/2024\/02\/plan-situation-Fd-Blanc.png 773w, https:\/\/camping-chateau-oseraie.fr\/wp-content\/uploads\/2024\/02\/plan-situation-Fd-Blanc-300x237.png 300w, https:\/\/camping-chateau-oseraie.fr\/wp-content\/uploads\/2024\/02\/plan-situation-Fd-Blanc-768x606.png 768w, https:\/\/camping-chateau-oseraie.fr\/wp-content\/uploads\/2024\/02\/plan-situation-Fd-Blanc-705x556.png 705w\" sizes=\"(max-width: 773px) 100vw, 773px\" \/><\/div><\/div><\/div><br \/>\n\n<style type=\"text\/css\" data-created_by=\"avia_inline_auto\" id=\"style-css-av-lqqv3aa9-2f5220e81297fa889a4d8ffecbe11c3c\">\n#top .av_textblock_section.av-lqqv3aa9-2f5220e81297fa889a4d8ffecbe11c3c .avia_textblock{\ncolor:#cd6f48;\ntext-align:center;\n}\n<\/style>\n<section  class='av_textblock_section av-lqqv3aa9-2f5220e81297fa889a4d8ffecbe11c3c '   itemscope=\"itemscope\" itemtype=\"https:\/\/schema.org\/CreativeWork\" ><div class='avia_textblock av_inherit_color'  itemprop=\"text\" ><p><strong><em>Le Ch\u00e2teau de l&#8217;Oseraie, Camping 3 \u00e9toiles dans la Somme pr\u00e8s de P\u00e9ronne et de l\u2019autoroute A1<\/em><\/strong><\/p>\n<\/div><\/section><\/p><\/div>\n<style type=\"text\/css\" data-created_by=\"avia_inline_auto\" id=\"style-css-av-41iu6a-a7209a53a2b2a859efa35ab09cdaa7bb\">\n@keyframes av_boxShadowEffect_av-41iu6a-a7209a53a2b2a859efa35ab09cdaa7bb-column {\n0%   { box-shadow:  0 0 0 0 #000000; opacity: 1; }\n100% { box-shadow:  0 0 15px 0 #000000; opacity: 1; }\n}\n.flex_column.av-41iu6a-a7209a53a2b2a859efa35ab09cdaa7bb{\nbox-shadow: 0 0 15px 0 #000000;\npadding:30px 30px 30px 30px;\nbackground-color:#f8f8f8;\n}\n<\/style>\n<div  class='flex_column av-41iu6a-a7209a53a2b2a859efa35ab09cdaa7bb av_one_half  avia-builder-el-10  el_after_av_one_half  avia-builder-el-last  flex_column_div shadow-not-animated  '     ><p><form action=\"https:\/\/camping-chateau-oseraie.fr\/de\/kontakt-camping-chateau-oseraie\/\" method=\"post\" data-fields-with-error=\"Fehler wurden in folgenden Feld(ern) gefunden:\" class=\"avia_ajax_form av-form-labels-visible   avia-builder-el-11  el_before_av_textblock  avia-builder-el-first   \" data-avia-form-id=\"1\" data-avia-redirect='https:\/\/camping-chateau-oseraie.fr\/de\/dank\/' ><h3 class=''>Kontaktieren Sie uns<\/h3><fieldset><p class='  first_form  form_element form_element_half' id='element_avia_1_1'><label for=\"avia_1_1\">Name <abbr class=\"required\" title=\"ben\u00f6tigt\">*<\/abbr><\/label> <input name=\"avia_1_1\" class=\"text_input is_empty\" type=\"text\" id=\"avia_1_1\" value=\"\" \/><\/p><p class='  form_element form_element_half' id='element_avia_2_1'><label for=\"avia_2_1\">Vorname<\/label> <input name=\"avia_2_1\" class=\"text_input \" type=\"text\" id=\"avia_2_1\" value=\"\" \/><\/p><p class='  first_form  form_element form_element_half' id='element_avia_3_1'><label for=\"avia_3_1\">E-mail <abbr class=\"required\" title=\"ben\u00f6tigt\">*<\/abbr><\/label> <input name=\"avia_3_1\" class=\"text_input is_email\" type=\"text\" id=\"avia_3_1\" value=\"\" \/><\/p><p class='  form_element form_element_half' id='element_avia_4_1'><label for=\"avia_4_1\">Telefon<\/label> <input name=\"avia_4_1\" class=\"text_input \" type=\"text\" id=\"avia_4_1\" value=\"\" \/><\/p><p class='  first_form  form_element form_fullwidth' id='element_avia_5_1'><label for=\"avia_5_1\" class=\"textare_label hidden textare_label_avia_5_1\">Nachricht <abbr class=\"required\" title=\"ben\u00f6tigt\">*<\/abbr><\/label><textarea  name=\"avia_5_1\" class=\"text_area is_empty\" cols=\"40\" rows=\"7\" id=\"avia_5_1\" ><\/textarea><\/p><p class='  first_form  form_element form_fullwidth' id='element_avia_6_1'><input  name=\"avia_6_1\" class=\"input_checkbox is_empty\" type=\"checkbox\" id=\"avia_6_1\" value=\"true\"\/><label class=\"input_checkbox_label\" for=\"avia_6_1\">Mit der Einreichung dieses Formulars stimme ich zu, dass die eingegebenen Daten f\u00fcr die Bearbeitung meines Antrags verwendet werden.  <abbr class=\"required\" title=\"ben\u00f6tigt\">*<\/abbr><\/label><\/p><p class=\"hidden\"><input type=\"text\" name=\"avia_7_1\" class=\"hidden \" id=\"avia_7_1\" value=\"\" \/><\/p><div id='avia_8_1' class='av-recaptcha-area  first_form  form_element form_fullwidth '  data-container_class=\"\" data-custom_class=\"\" data-context=\"av_contact_form\" data-token_input=\"av_recaptcha_token\" data-version=\"avia_recaptcha_v3\" data-theme=\"light\" data-size=\"normal\" data-score=\"0.5\" data-text_to_preview=\"\" data-value=\"\"><div class=\"av-google-badge-message hidden\">This site is protected by reCAPTCHA and the Google <a href=\"https:\/\/policies.google.com\/privacy\" target=\"_blank\" rel=\"noopener noreferrer\">Datenschutzrichtlinie<\/a> and <a href=\"https:\/\/policies.google.com\/terms\" target=\"_blank\" rel=\"noopener noreferrer\">Terms of Service<\/a> apply.<\/div><\/div><p class=\"form_element \"><input type=\"hidden\" value=\"1\" name=\"avia_generated_form1\" \/><input type=\"submit\" value=\"Senden\" class=\"button\"  data-sending-label=\"Sende\"\/><\/p><\/fieldset><div class=\"avia-disabled-form\">Dieses Kontaktformular ist momentan deaktiviert, da Sie den Google reCAPTCHA-Service noch nicht akzeptiert haben. Dieser ist f\u00fcr die Validierung des Sendevorgangs jedoch notwendig<\/div><\/form><div id=\"ajaxresponse_1\" class=\"ajaxresponse ajaxresponse_1 hidden\"><\/div><br \/>\n<section  class='av_textblock_section av-lqqv5751-2c55c16e4ad0ba2d23ff101a480f93f4 '   itemscope=\"itemscope\" itemtype=\"https:\/\/schema.org\/CreativeWork\" ><div class='avia_textblock'  itemprop=\"text\" ><p>Um Ihre Rechte zu kennen und auszu\u00fcben, insbesondere um Ihr Einverst\u00e4ndnis zur Verwendung der \u00fcber dieses Formular gesammelten Daten zu widerrufen, lesen Sie bitte unsere <a href=\"https:\/\/camping-chateau-oseraie.com\/mentions-legales\/\">Datenschutzrichtlinie<\/a>.<\/p>\n<\/div><\/section><\/p><\/div>\n","protected":false},"excerpt":{"rendered":"","protected":false},"author":3,"featured_media":0,"parent":0,"menu_order":0,"comment_status":"closed","ping_status":"closed","template":"","meta":{"footnotes":""},"class_list":["post-5514","page","type-page","status-publish","hentry"],"yoast_head":"<!-- This site is optimized with the Yoast SEO plugin v27.4 - https:\/\/yoast.com\/product\/yoast-seo-wordpress\/ -->\n<title>Buchen Sie Ihren Aufenthalt auf dem 3-Sterne-Campingplatz in der N\u00e4he von P\u00e9ronne Ch\u00e2teau de l&#039;Oseraie<\/title>\n<meta name=\"description\" content=\"Kontaktieren Sie den Campingplatz*** Ch\u00e2teau de l&#039;Oseraie in der N\u00e4he von P\u00e9ronne und in der N\u00e4he der Autobahn A1 in der Somme-Picardie: Stellpl\u00e4tze, Wohnmobile, Vermietung...\" \/>\n<meta name=\"robots\" content=\"index, follow, max-snippet:-1, max-image-preview:large, max-video-preview:-1\" \/>\n<link rel=\"canonical\" href=\"https:\/\/camping-chateau-oseraie.fr\/de\/kontakt-camping-chateau-oseraie\/\" \/>\n<meta property=\"og:locale\" content=\"de_DE\" \/>\n<meta property=\"og:type\" content=\"article\" \/>\n<meta property=\"og:title\" content=\"Buchen Sie Ihren Aufenthalt auf dem 3-Sterne-Campingplatz in der N\u00e4he von P\u00e9ronne Ch\u00e2teau de l&#039;Oseraie\" \/>\n<meta property=\"og:description\" content=\"Kontaktieren Sie den Campingplatz*** Ch\u00e2teau de l&#039;Oseraie in der N\u00e4he von P\u00e9ronne und in der N\u00e4he der Autobahn A1 in der Somme-Picardie: Stellpl\u00e4tze, Wohnmobile, Vermietung...\" \/>\n<meta property=\"og:url\" content=\"https:\/\/camping-chateau-oseraie.fr\/de\/kontakt-camping-chateau-oseraie\/\" \/>\n<meta property=\"og:site_name\" content=\"Camping *** Ch\u00e2teau de l&#039;Oseraie\" \/>\n<meta property=\"article:publisher\" content=\"https:\/\/www.facebook.com\/CampingChateauOseraie\" \/>\n<meta property=\"article:modified_time\" content=\"2026-04-14T16:58:37+00:00\" \/>\n<meta property=\"og:image\" content=\"https:\/\/camping-chateau-oseraie.com\/wp-content\/uploads\/2023\/12\/icone-facebook.png\" \/>\n<meta name=\"twitter:card\" content=\"summary_large_image\" \/>\n<meta name=\"twitter:label1\" content=\"Gesch\u00e4tzte Lesezeit\" \/>\n\t<meta name=\"twitter:data1\" content=\"2\u00a0Minuten\" \/>\n<script type=\"application\/ld+json\" class=\"yoast-schema-graph\">{\"@context\":\"https:\\\/\\\/schema.org\",\"@graph\":[{\"@type\":\"WebPage\",\"@id\":\"https:\\\/\\\/camping-chateau-oseraie.fr\\\/de\\\/kontakt-camping-chateau-oseraie\\\/\",\"url\":\"https:\\\/\\\/camping-chateau-oseraie.fr\\\/de\\\/kontakt-camping-chateau-oseraie\\\/\",\"name\":\"Buchen Sie Ihren Aufenthalt auf dem 3-Sterne-Campingplatz in der N\u00e4he von P\u00e9ronne Ch\u00e2teau de l'Oseraie\",\"isPartOf\":{\"@id\":\"https:\\\/\\\/camping-chateau-oseraie.fr\\\/#website\"},\"primaryImageOfPage\":{\"@id\":\"https:\\\/\\\/camping-chateau-oseraie.fr\\\/de\\\/kontakt-camping-chateau-oseraie\\\/#primaryimage\"},\"image\":{\"@id\":\"https:\\\/\\\/camping-chateau-oseraie.fr\\\/de\\\/kontakt-camping-chateau-oseraie\\\/#primaryimage\"},\"thumbnailUrl\":\"https:\\\/\\\/camping-chateau-oseraie.com\\\/wp-content\\\/uploads\\\/2023\\\/12\\\/icone-facebook.png\",\"datePublished\":\"2023-12-29T16:39:34+00:00\",\"dateModified\":\"2026-04-14T16:58:37+00:00\",\"description\":\"Kontaktieren Sie den Campingplatz*** Ch\u00e2teau de l'Oseraie in der N\u00e4he von P\u00e9ronne und in der N\u00e4he der Autobahn A1 in der Somme-Picardie: Stellpl\u00e4tze, Wohnmobile, Vermietung...\",\"breadcrumb\":{\"@id\":\"https:\\\/\\\/camping-chateau-oseraie.fr\\\/de\\\/kontakt-camping-chateau-oseraie\\\/#breadcrumb\"},\"inLanguage\":\"de\",\"potentialAction\":[{\"@type\":\"ReadAction\",\"target\":[\"https:\\\/\\\/camping-chateau-oseraie.fr\\\/de\\\/kontakt-camping-chateau-oseraie\\\/\"]}]},{\"@type\":\"ImageObject\",\"inLanguage\":\"de\",\"@id\":\"https:\\\/\\\/camping-chateau-oseraie.fr\\\/de\\\/kontakt-camping-chateau-oseraie\\\/#primaryimage\",\"url\":\"https:\\\/\\\/camping-chateau-oseraie.com\\\/wp-content\\\/uploads\\\/2023\\\/12\\\/icone-facebook.png\",\"contentUrl\":\"https:\\\/\\\/camping-chateau-oseraie.com\\\/wp-content\\\/uploads\\\/2023\\\/12\\\/icone-facebook.png\"},{\"@type\":\"BreadcrumbList\",\"@id\":\"https:\\\/\\\/camping-chateau-oseraie.fr\\\/de\\\/kontakt-camping-chateau-oseraie\\\/#breadcrumb\",\"itemListElement\":[{\"@type\":\"ListItem\",\"position\":1,\"name\":\"Accueil\",\"item\":\"https:\\\/\\\/camping-chateau-oseraie.fr\\\/\"},{\"@type\":\"ListItem\",\"position\":2,\"name\":\"Kontakt\"}]},{\"@type\":\"WebSite\",\"@id\":\"https:\\\/\\\/camping-chateau-oseraie.fr\\\/#website\",\"url\":\"https:\\\/\\\/camping-chateau-oseraie.fr\\\/\",\"name\":\"Camping*** Ch\u00e2teau de l'Oseraie\",\"description\":\"Camping *** Ch\u00e2teau de l&#039;Oseraie\",\"publisher\":{\"@id\":\"https:\\\/\\\/camping-chateau-oseraie.fr\\\/#organization\"},\"alternateName\":\"Camping pr\u00e8s de P\u00e9ronne et de l'autoroute A1\",\"potentialAction\":[{\"@type\":\"SearchAction\",\"target\":{\"@type\":\"EntryPoint\",\"urlTemplate\":\"https:\\\/\\\/camping-chateau-oseraie.fr\\\/?s={search_term_string}\"},\"query-input\":{\"@type\":\"PropertyValueSpecification\",\"valueRequired\":true,\"valueName\":\"search_term_string\"}}],\"inLanguage\":\"de\"},{\"@type\":\"Organization\",\"@id\":\"https:\\\/\\\/camping-chateau-oseraie.fr\\\/#organization\",\"name\":\"Camping *** Ch\u00e2teau de l'Oseraie\",\"alternateName\":\"Ch\u00e2teau de l'Oseraie, Camping 3 \u00e9toiles\",\"url\":\"https:\\\/\\\/camping-chateau-oseraie.fr\\\/\",\"logo\":{\"@type\":\"ImageObject\",\"inLanguage\":\"de\",\"@id\":\"https:\\\/\\\/camping-chateau-oseraie.fr\\\/#\\\/schema\\\/logo\\\/image\\\/\",\"url\":\"https:\\\/\\\/camping-chateau-oseraie.fr\\\/wp-content\\\/uploads\\\/2024\\\/02\\\/logo-chateau-oseraie-jaune.png\",\"contentUrl\":\"https:\\\/\\\/camping-chateau-oseraie.fr\\\/wp-content\\\/uploads\\\/2024\\\/02\\\/logo-chateau-oseraie-jaune.png\",\"width\":169,\"height\":220,\"caption\":\"Camping *** Ch\u00e2teau de l'Oseraie\"},\"image\":{\"@id\":\"https:\\\/\\\/camping-chateau-oseraie.fr\\\/#\\\/schema\\\/logo\\\/image\\\/\"},\"sameAs\":[\"https:\\\/\\\/www.facebook.com\\\/CampingChateauOseraie\",\"https:\\\/\\\/www.instagram.com\\\/camping_chateau_et_oseraie\\\/\"]}]}<\/script>\n<!-- \/ Yoast SEO plugin. -->","yoast_head_json":{"title":"Buchen Sie Ihren Aufenthalt auf dem 3-Sterne-Campingplatz in der N\u00e4he von P\u00e9ronne Ch\u00e2teau de l'Oseraie","description":"Kontaktieren Sie den Campingplatz*** Ch\u00e2teau de l'Oseraie in der N\u00e4he von P\u00e9ronne und in der N\u00e4he der Autobahn A1 in der Somme-Picardie: Stellpl\u00e4tze, Wohnmobile, Vermietung...","robots":{"index":"index","follow":"follow","max-snippet":"max-snippet:-1","max-image-preview":"max-image-preview:large","max-video-preview":"max-video-preview:-1"},"canonical":"https:\/\/camping-chateau-oseraie.fr\/de\/kontakt-camping-chateau-oseraie\/","og_locale":"de_DE","og_type":"article","og_title":"Buchen Sie Ihren Aufenthalt auf dem 3-Sterne-Campingplatz in der N\u00e4he von P\u00e9ronne Ch\u00e2teau de l'Oseraie","og_description":"Kontaktieren Sie den Campingplatz*** Ch\u00e2teau de l'Oseraie in der N\u00e4he von P\u00e9ronne und in der N\u00e4he der Autobahn A1 in der Somme-Picardie: Stellpl\u00e4tze, Wohnmobile, Vermietung...","og_url":"https:\/\/camping-chateau-oseraie.fr\/de\/kontakt-camping-chateau-oseraie\/","og_site_name":"Camping *** Ch\u00e2teau de l&#039;Oseraie","article_publisher":"https:\/\/www.facebook.com\/CampingChateauOseraie","article_modified_time":"2026-04-14T16:58:37+00:00","og_image":[{"url":"https:\/\/camping-chateau-oseraie.com\/wp-content\/uploads\/2023\/12\/icone-facebook.png","type":"","width":"","height":""}],"twitter_card":"summary_large_image","twitter_misc":{"Gesch\u00e4tzte Lesezeit":"2\u00a0Minuten"},"schema":{"@context":"https:\/\/schema.org","@graph":[{"@type":"WebPage","@id":"https:\/\/camping-chateau-oseraie.fr\/de\/kontakt-camping-chateau-oseraie\/","url":"https:\/\/camping-chateau-oseraie.fr\/de\/kontakt-camping-chateau-oseraie\/","name":"Buchen Sie Ihren Aufenthalt auf dem 3-Sterne-Campingplatz in der N\u00e4he von P\u00e9ronne Ch\u00e2teau de l'Oseraie","isPartOf":{"@id":"https:\/\/camping-chateau-oseraie.fr\/#website"},"primaryImageOfPage":{"@id":"https:\/\/camping-chateau-oseraie.fr\/de\/kontakt-camping-chateau-oseraie\/#primaryimage"},"image":{"@id":"https:\/\/camping-chateau-oseraie.fr\/de\/kontakt-camping-chateau-oseraie\/#primaryimage"},"thumbnailUrl":"https:\/\/camping-chateau-oseraie.com\/wp-content\/uploads\/2023\/12\/icone-facebook.png","datePublished":"2023-12-29T16:39:34+00:00","dateModified":"2026-04-14T16:58:37+00:00","description":"Kontaktieren Sie den Campingplatz*** Ch\u00e2teau de l'Oseraie in der N\u00e4he von P\u00e9ronne und in der N\u00e4he der Autobahn A1 in der Somme-Picardie: Stellpl\u00e4tze, Wohnmobile, Vermietung...","breadcrumb":{"@id":"https:\/\/camping-chateau-oseraie.fr\/de\/kontakt-camping-chateau-oseraie\/#breadcrumb"},"inLanguage":"de","potentialAction":[{"@type":"ReadAction","target":["https:\/\/camping-chateau-oseraie.fr\/de\/kontakt-camping-chateau-oseraie\/"]}]},{"@type":"ImageObject","inLanguage":"de","@id":"https:\/\/camping-chateau-oseraie.fr\/de\/kontakt-camping-chateau-oseraie\/#primaryimage","url":"https:\/\/camping-chateau-oseraie.com\/wp-content\/uploads\/2023\/12\/icone-facebook.png","contentUrl":"https:\/\/camping-chateau-oseraie.com\/wp-content\/uploads\/2023\/12\/icone-facebook.png"},{"@type":"BreadcrumbList","@id":"https:\/\/camping-chateau-oseraie.fr\/de\/kontakt-camping-chateau-oseraie\/#breadcrumb","itemListElement":[{"@type":"ListItem","position":1,"name":"Accueil","item":"https:\/\/camping-chateau-oseraie.fr\/"},{"@type":"ListItem","position":2,"name":"Kontakt"}]},{"@type":"WebSite","@id":"https:\/\/camping-chateau-oseraie.fr\/#website","url":"https:\/\/camping-chateau-oseraie.fr\/","name":"Camping*** Ch\u00e2teau de l'Oseraie","description":"Camping *** Ch\u00e2teau de l&#039;Oseraie","publisher":{"@id":"https:\/\/camping-chateau-oseraie.fr\/#organization"},"alternateName":"Camping pr\u00e8s de P\u00e9ronne et de l'autoroute A1","potentialAction":[{"@type":"SearchAction","target":{"@type":"EntryPoint","urlTemplate":"https:\/\/camping-chateau-oseraie.fr\/?s={search_term_string}"},"query-input":{"@type":"PropertyValueSpecification","valueRequired":true,"valueName":"search_term_string"}}],"inLanguage":"de"},{"@type":"Organization","@id":"https:\/\/camping-chateau-oseraie.fr\/#organization","name":"Camping *** Ch\u00e2teau de l'Oseraie","alternateName":"Ch\u00e2teau de l'Oseraie, Camping 3 \u00e9toiles","url":"https:\/\/camping-chateau-oseraie.fr\/","logo":{"@type":"ImageObject","inLanguage":"de","@id":"https:\/\/camping-chateau-oseraie.fr\/#\/schema\/logo\/image\/","url":"https:\/\/camping-chateau-oseraie.fr\/wp-content\/uploads\/2024\/02\/logo-chateau-oseraie-jaune.png","contentUrl":"https:\/\/camping-chateau-oseraie.fr\/wp-content\/uploads\/2024\/02\/logo-chateau-oseraie-jaune.png","width":169,"height":220,"caption":"Camping *** Ch\u00e2teau de l'Oseraie"},"image":{"@id":"https:\/\/camping-chateau-oseraie.fr\/#\/schema\/logo\/image\/"},"sameAs":["https:\/\/www.facebook.com\/CampingChateauOseraie","https:\/\/www.instagram.com\/camping_chateau_et_oseraie\/"]}]}},"_links":{"self":[{"href":"https:\/\/camping-chateau-oseraie.fr\/de\/wp-json\/wp\/v2\/pages\/5514","targetHints":{"allow":["GET"]}}],"collection":[{"href":"https:\/\/camping-chateau-oseraie.fr\/de\/wp-json\/wp\/v2\/pages"}],"about":[{"href":"https:\/\/camping-chateau-oseraie.fr\/de\/wp-json\/wp\/v2\/types\/page"}],"author":[{"embeddable":true,"href":"https:\/\/camping-chateau-oseraie.fr\/de\/wp-json\/wp\/v2\/users\/3"}],"replies":[{"embeddable":true,"href":"https:\/\/camping-chateau-oseraie.fr\/de\/wp-json\/wp\/v2\/comments?post=5514"}],"version-history":[{"count":0,"href":"https:\/\/camping-chateau-oseraie.fr\/de\/wp-json\/wp\/v2\/pages\/5514\/revisions"}],"wp:attachment":[{"href":"https:\/\/camping-chateau-oseraie.fr\/de\/wp-json\/wp\/v2\/media?parent=5514"}],"curies":[{"name":"wp","href":"https:\/\/api.w.org\/{rel}","templated":true}]}}