{"id":5318,"date":"2023-12-29T16:54:54","date_gmt":"2023-12-29T15:54:54","guid":{"rendered":"https:\/\/camping-chateau-oseraie.fr\/galerie-videos\/"},"modified":"2026-04-14T19:00:16","modified_gmt":"2026-04-14T17:00:16","slug":"videogalerie","status":"publish","type":"page","link":"https:\/\/camping-chateau-oseraie.fr\/de\/videogalerie\/","title":{"rendered":"Videogalerie"},"content":{"rendered":"\n<style type=\"text\/css\" data-created_by=\"avia_inline_auto\" id=\"style-css-av-ls3jdjwl-f395b6896876714e71bea1d77479eb53\">\n.avia-section.av-ls3jdjwl-f395b6896876714e71bea1d77479eb53{\nbackground-color:#f8f8f8;\nbackground-image:unset;\n}\n<\/style>\n<div id='av_section_1'  class='avia-section av-ls3jdjwl-f395b6896876714e71bea1d77479eb53 main_color avia-section-default avia-no-border-styling  avia-builder-el-0  avia-builder-el-no-sibling  avia-bg-style-scroll container_wrap fullsize'  ><div class='container av-section-cont-open' ><main  role=\"main\" itemprop=\"mainContentOfPage\"  class='template-page content  av-content-full alpha units'><div class='post-entry post-entry-type-page post-entry-5318'><div class='entry-content-wrapper clearfix'>\n\n<style type=\"text\/css\" data-created_by=\"avia_inline_auto\" id=\"style-css-av-lqqh2jzx-2096be7043f6c541b31accf66ccf0c55\">\n#top .av-special-heading.av-lqqh2jzx-2096be7043f6c541b31accf66ccf0c55{\npadding-bottom:10px;\n}\nbody .av-special-heading.av-lqqh2jzx-2096be7043f6c541b31accf66ccf0c55 .av-special-heading-tag .heading-char{\nfont-size:25px;\n}\n.av-special-heading.av-lqqh2jzx-2096be7043f6c541b31accf66ccf0c55 .av-subheading{\nfont-size:15px;\n}\n<\/style>\n<div  class='av-special-heading av-lqqh2jzx-2096be7043f6c541b31accf66ccf0c55 av-special-heading-h3 blockquote modern-quote  avia-builder-el-1  el_before_av_hr  avia-builder-el-first '><h3 class='av-special-heading-tag '  itemprop=\"headline\"  >Videogalerie<\/h3><div class=\"special-heading-border\"><div class=\"special-heading-inner-border\"><\/div><\/div><\/div>\n\n<style type=\"text\/css\" data-created_by=\"avia_inline_auto\" id=\"style-css-av-lqqh4f1h-38ca99750643cdbb1291269a23838115\">\n#top .hr.av-lqqh4f1h-38ca99750643cdbb1291269a23838115{\nmargin-top:0;\nmargin-bottom:10px;\n}\n.hr.av-lqqh4f1h-38ca99750643cdbb1291269a23838115 .hr-inner{\nwidth:150px;\nborder-color:#598ecb;\n}\n<\/style>\n<div  class='hr av-lqqh4f1h-38ca99750643cdbb1291269a23838115 hr-custom  avia-builder-el-2  el_after_av_heading  el_before_av_one_half  hr-left hr-icon-no'><span class='hr-inner inner-border-av-border-thin'><span class=\"hr-inner-style\"><\/span><\/span><\/div>\n<div  class='flex_column av-6bpihk-e98c1853bb60fe575d3d13f0fe20fa80 av_one_half  avia-builder-el-3  el_after_av_hr  el_before_av_one_half  first flex_column_div  '     ><div  class='avia-video av-lqqtu7vx-101b49892484974209a19eac5da53123 avia-video-16-9 av-no-preview-image avia-video-load-always av-lazyload-immediate av-lazyload-video-embed'  itemprop=\"video\" itemtype=\"https:\/\/schema.org\/VideoObject\"  data-original_url='https:\/\/youtu.be\/Ci7bCuCMpkg?si=ebzo6tlxnR8EyZ_Z'><script type='text\/html' class='av-video-tmpl'><div class='avia-iframe-wrap'><iframe loading=\"lazy\" title=\"La Somme \u00e0 v\u00e9lo : projet Google Earth\" width=\"1500\" height=\"844\" src=\"https:\/\/www.youtube.com\/embed\/Ci7bCuCMpkg?feature=oembed&autoplay=0&loop=0&controls=1&mute=0\" frameborder=\"0\" allow=\"accelerometer; autoplay; clipboard-write; encrypted-media; gyroscope; picture-in-picture; web-share\" referrerpolicy=\"strict-origin-when-cross-origin\" allowfullscreen><\/iframe><\/div><\/script><div class='av-click-to-play-overlay'><div class=\"avia_playpause_icon\"><\/div><\/div><\/div><\/div><div  class='flex_column av-2qkt04-db0ba0aae0c02d651f045056cb465620 av_one_half  avia-builder-el-5  el_after_av_one_half  el_before_av_one_half  flex_column_div  '     ><div  class='avia-video av-lqqtwxul-47a24d6a7160600e0c108859bb131a2b avia-video-16-9 av-no-preview-image avia-video-load-always av-lazyload-immediate av-lazyload-video-embed'  itemprop=\"video\" itemtype=\"https:\/\/schema.org\/VideoObject\"  data-original_url='https:\/\/youtu.be\/DD750OUBLKI?si=k11nkouAwQ9-7GjW'><script type='text\/html' class='av-video-tmpl'><div class='avia-iframe-wrap'><iframe loading=\"lazy\" title=\"La Baie de Somme entre terre et mer - Le territoire du Vimeu, Destination  Le Tr\u00e9port Mers\" width=\"1500\" height=\"844\" src=\"https:\/\/www.youtube.com\/embed\/DD750OUBLKI?feature=oembed&autoplay=0&loop=0&controls=1&mute=0\" frameborder=\"0\" allow=\"accelerometer; autoplay; clipboard-write; encrypted-media; gyroscope; picture-in-picture; web-share\" referrerpolicy=\"strict-origin-when-cross-origin\" allowfullscreen><\/iframe><\/div><\/script><div class='av-click-to-play-overlay'><div class=\"avia_playpause_icon\"><\/div><\/div><\/div><\/div><div  class='flex_column av-4lki2w-9a465ff95593218ca7f8441935506358 av_one_half  avia-builder-el-7  el_after_av_one_half  el_before_av_one_half  first flex_column_div  column-top-margin'     ><div  class='avia-video av-lqqtvfxo-d63453080784afa630a9f2acc300525d avia-video-16-9 av-no-preview-image avia-video-load-always av-lazyload-immediate av-lazyload-video-embed'  itemprop=\"video\" itemtype=\"https:\/\/schema.org\/VideoObject\"  data-original_url='https:\/\/youtu.be\/76CQJo3XosI?si=FRvbNgIj2GGi9cbm'><script type='text\/html' class='av-video-tmpl'><div class='avia-iframe-wrap'><iframe loading=\"lazy\" title=\"La Vall\u00e9e de Somme, entre nature et Histoire\" width=\"1500\" height=\"844\" src=\"https:\/\/www.youtube.com\/embed\/76CQJo3XosI?feature=oembed&autoplay=0&loop=0&controls=1&mute=0\" frameborder=\"0\" allow=\"accelerometer; autoplay; clipboard-write; encrypted-media; gyroscope; picture-in-picture; web-share\" referrerpolicy=\"strict-origin-when-cross-origin\" allowfullscreen><\/iframe><\/div><\/script><div class='av-click-to-play-overlay'><div class=\"avia_playpause_icon\"><\/div><\/div><\/div><\/div><div  class='flex_column av-2dep6w-70ab93045077698502d6c20d9e72d7cc av_one_half  avia-builder-el-9  el_after_av_one_half  avia-builder-el-last  flex_column_div  column-top-margin'     ><div  class='avia-video av-lqqtvw5p-cfa92650990258576a648d9e95901d09 avia-video-16-9 av-no-preview-image avia-video-load-always av-lazyload-immediate av-lazyload-video-embed'  itemprop=\"video\" itemtype=\"https:\/\/schema.org\/VideoObject\"  data-original_url='https:\/\/youtu.be\/J80ZuBo4jfE?si=l2BwiA90z_-INhZ9'><script type='text\/html' class='av-video-tmpl'><div class='avia-iframe-wrap'><iframe loading=\"lazy\" title=\"Que faire lors d&#039;un week-end nature et bien-\u00eatre en Baie de Somme ?\" width=\"1500\" height=\"844\" src=\"https:\/\/www.youtube.com\/embed\/J80ZuBo4jfE?feature=oembed&autoplay=0&loop=0&controls=1&mute=0\" frameborder=\"0\" allow=\"accelerometer; autoplay; clipboard-write; encrypted-media; gyroscope; picture-in-picture; web-share\" referrerpolicy=\"strict-origin-when-cross-origin\" allowfullscreen><\/iframe><\/div><\/script><div class='av-click-to-play-overlay'><div class=\"avia_playpause_icon\"><\/div><\/div><\/div><\/div>\n","protected":false},"excerpt":{"rendered":"","protected":false},"author":3,"featured_media":0,"parent":0,"menu_order":0,"comment_status":"closed","ping_status":"closed","template":"","meta":{"footnotes":""},"class_list":["post-5318","page","type-page","status-publish","hentry"],"yoast_head":"<!-- This site is optimized with the Yoast SEO plugin v27.4 - https:\/\/yoast.com\/product\/yoast-seo-wordpress\/ -->\n<title>Videogalerie des Campingplatzes in der N\u00e4he von P\u00e9ronne, Ch\u00e2teau de l&#039;Oseraie, nahe der Autobahn A1 im D\u00e9partement Somme (80)<\/title>\n<meta name=\"description\" content=\"Videos zum Entdecken des 3-Sterne-Campingplatzes Ch\u00e2teau de l&#039;Oseraie in der Somme, 10 Minuten von P\u00e9ronne entfernt und nahe der Autobahn A1 in der Picardie\" \/>\n<meta name=\"robots\" content=\"index, follow, max-snippet:-1, max-image-preview:large, max-video-preview:-1\" \/>\n<link rel=\"canonical\" href=\"https:\/\/camping-chateau-oseraie.fr\/de\/videogalerie\/\" \/>\n<meta property=\"og:locale\" content=\"de_DE\" \/>\n<meta property=\"og:type\" content=\"article\" \/>\n<meta property=\"og:title\" content=\"Videogalerie des Campingplatzes in der N\u00e4he von P\u00e9ronne, Ch\u00e2teau de l&#039;Oseraie, nahe der Autobahn A1 im D\u00e9partement Somme (80)\" \/>\n<meta property=\"og:description\" content=\"Videos zum Entdecken des 3-Sterne-Campingplatzes Ch\u00e2teau de l&#039;Oseraie in der Somme, 10 Minuten von P\u00e9ronne entfernt und nahe der Autobahn A1 in der Picardie\" \/>\n<meta property=\"og:url\" content=\"https:\/\/camping-chateau-oseraie.fr\/de\/videogalerie\/\" \/>\n<meta property=\"og:site_name\" content=\"Camping *** Ch\u00e2teau de l&#039;Oseraie\" \/>\n<meta property=\"article:publisher\" content=\"https:\/\/www.facebook.com\/CampingChateauOseraie\" \/>\n<meta property=\"article:modified_time\" content=\"2026-04-14T17:00:16+00:00\" \/>\n<meta property=\"og:image\" content=\"https:\/\/camping-chateau-oseraie.fr\/wp-content\/uploads\/2023\/12\/vignette-services.jpg\" \/>\n\t<meta property=\"og:image:width\" content=\"800\" \/>\n\t<meta property=\"og:image:height\" content=\"800\" \/>\n\t<meta property=\"og:image:type\" content=\"image\/jpeg\" \/>\n<meta name=\"twitter:card\" content=\"summary_large_image\" \/>\n<meta name=\"twitter:label1\" content=\"Gesch\u00e4tzte Lesezeit\" \/>\n\t<meta name=\"twitter:data1\" content=\"1\u00a0Minute\" \/>\n<script type=\"application\/ld+json\" class=\"yoast-schema-graph\">{\"@context\":\"https:\\\/\\\/schema.org\",\"@graph\":[{\"@type\":\"WebPage\",\"@id\":\"https:\\\/\\\/camping-chateau-oseraie.fr\\\/de\\\/videogalerie\\\/\",\"url\":\"https:\\\/\\\/camping-chateau-oseraie.fr\\\/de\\\/videogalerie\\\/\",\"name\":\"Videogalerie des Campingplatzes in der N\u00e4he von P\u00e9ronne, Ch\u00e2teau de l'Oseraie, nahe der Autobahn A1 im D\u00e9partement Somme (80)\",\"isPartOf\":{\"@id\":\"https:\\\/\\\/camping-chateau-oseraie.fr\\\/#website\"},\"datePublished\":\"2023-12-29T15:54:54+00:00\",\"dateModified\":\"2026-04-14T17:00:16+00:00\",\"description\":\"Videos zum Entdecken des 3-Sterne-Campingplatzes Ch\u00e2teau de l'Oseraie in der Somme, 10 Minuten von P\u00e9ronne entfernt und nahe der Autobahn A1 in der Picardie\",\"breadcrumb\":{\"@id\":\"https:\\\/\\\/camping-chateau-oseraie.fr\\\/de\\\/videogalerie\\\/#breadcrumb\"},\"inLanguage\":\"de\",\"potentialAction\":[{\"@type\":\"ReadAction\",\"target\":[\"https:\\\/\\\/camping-chateau-oseraie.fr\\\/de\\\/videogalerie\\\/\"]}]},{\"@type\":\"BreadcrumbList\",\"@id\":\"https:\\\/\\\/camping-chateau-oseraie.fr\\\/de\\\/videogalerie\\\/#breadcrumb\",\"itemListElement\":[{\"@type\":\"ListItem\",\"position\":1,\"name\":\"Accueil\",\"item\":\"https:\\\/\\\/camping-chateau-oseraie.fr\\\/\"},{\"@type\":\"ListItem\",\"position\":2,\"name\":\"Videogalerie\"}]},{\"@type\":\"WebSite\",\"@id\":\"https:\\\/\\\/camping-chateau-oseraie.fr\\\/#website\",\"url\":\"https:\\\/\\\/camping-chateau-oseraie.fr\\\/\",\"name\":\"Camping*** Ch\u00e2teau de l'Oseraie\",\"description\":\"Camping *** Ch\u00e2teau de l&#039;Oseraie\",\"publisher\":{\"@id\":\"https:\\\/\\\/camping-chateau-oseraie.fr\\\/#organization\"},\"alternateName\":\"Camping pr\u00e8s de P\u00e9ronne et de l'autoroute A1\",\"potentialAction\":[{\"@type\":\"SearchAction\",\"target\":{\"@type\":\"EntryPoint\",\"urlTemplate\":\"https:\\\/\\\/camping-chateau-oseraie.fr\\\/?s={search_term_string}\"},\"query-input\":{\"@type\":\"PropertyValueSpecification\",\"valueRequired\":true,\"valueName\":\"search_term_string\"}}],\"inLanguage\":\"de\"},{\"@type\":\"Organization\",\"@id\":\"https:\\\/\\\/camping-chateau-oseraie.fr\\\/#organization\",\"name\":\"Camping *** Ch\u00e2teau de l'Oseraie\",\"alternateName\":\"Ch\u00e2teau de l'Oseraie, Camping 3 \u00e9toiles\",\"url\":\"https:\\\/\\\/camping-chateau-oseraie.fr\\\/\",\"logo\":{\"@type\":\"ImageObject\",\"inLanguage\":\"de\",\"@id\":\"https:\\\/\\\/camping-chateau-oseraie.fr\\\/#\\\/schema\\\/logo\\\/image\\\/\",\"url\":\"https:\\\/\\\/camping-chateau-oseraie.fr\\\/wp-content\\\/uploads\\\/2024\\\/02\\\/logo-chateau-oseraie-jaune.png\",\"contentUrl\":\"https:\\\/\\\/camping-chateau-oseraie.fr\\\/wp-content\\\/uploads\\\/2024\\\/02\\\/logo-chateau-oseraie-jaune.png\",\"width\":169,\"height\":220,\"caption\":\"Camping *** Ch\u00e2teau de l'Oseraie\"},\"image\":{\"@id\":\"https:\\\/\\\/camping-chateau-oseraie.fr\\\/#\\\/schema\\\/logo\\\/image\\\/\"},\"sameAs\":[\"https:\\\/\\\/www.facebook.com\\\/CampingChateauOseraie\",\"https:\\\/\\\/www.instagram.com\\\/camping_chateau_et_oseraie\\\/\"]}]}<\/script>\n<!-- \/ Yoast SEO plugin. -->","yoast_head_json":{"title":"Videogalerie des Campingplatzes in der N\u00e4he von P\u00e9ronne, Ch\u00e2teau de l'Oseraie, nahe der Autobahn A1 im D\u00e9partement Somme (80)","description":"Videos zum Entdecken des 3-Sterne-Campingplatzes Ch\u00e2teau de l'Oseraie in der Somme, 10 Minuten von P\u00e9ronne entfernt und nahe der Autobahn A1 in der Picardie","robots":{"index":"index","follow":"follow","max-snippet":"max-snippet:-1","max-image-preview":"max-image-preview:large","max-video-preview":"max-video-preview:-1"},"canonical":"https:\/\/camping-chateau-oseraie.fr\/de\/videogalerie\/","og_locale":"de_DE","og_type":"article","og_title":"Videogalerie des Campingplatzes in der N\u00e4he von P\u00e9ronne, Ch\u00e2teau de l'Oseraie, nahe der Autobahn A1 im D\u00e9partement Somme (80)","og_description":"Videos zum Entdecken des 3-Sterne-Campingplatzes Ch\u00e2teau de l'Oseraie in der Somme, 10 Minuten von P\u00e9ronne entfernt und nahe der Autobahn A1 in der Picardie","og_url":"https:\/\/camping-chateau-oseraie.fr\/de\/videogalerie\/","og_site_name":"Camping *** Ch\u00e2teau de l&#039;Oseraie","article_publisher":"https:\/\/www.facebook.com\/CampingChateauOseraie","article_modified_time":"2026-04-14T17:00:16+00:00","og_image":[{"width":800,"height":800,"url":"https:\/\/camping-chateau-oseraie.fr\/wp-content\/uploads\/2023\/12\/vignette-services.jpg","type":"image\/jpeg"}],"twitter_card":"summary_large_image","twitter_misc":{"Gesch\u00e4tzte Lesezeit":"1\u00a0Minute"},"schema":{"@context":"https:\/\/schema.org","@graph":[{"@type":"WebPage","@id":"https:\/\/camping-chateau-oseraie.fr\/de\/videogalerie\/","url":"https:\/\/camping-chateau-oseraie.fr\/de\/videogalerie\/","name":"Videogalerie des Campingplatzes in der N\u00e4he von P\u00e9ronne, Ch\u00e2teau de l'Oseraie, nahe der Autobahn A1 im D\u00e9partement Somme (80)","isPartOf":{"@id":"https:\/\/camping-chateau-oseraie.fr\/#website"},"datePublished":"2023-12-29T15:54:54+00:00","dateModified":"2026-04-14T17:00:16+00:00","description":"Videos zum Entdecken des 3-Sterne-Campingplatzes Ch\u00e2teau de l'Oseraie in der Somme, 10 Minuten von P\u00e9ronne entfernt und nahe der Autobahn A1 in der Picardie","breadcrumb":{"@id":"https:\/\/camping-chateau-oseraie.fr\/de\/videogalerie\/#breadcrumb"},"inLanguage":"de","potentialAction":[{"@type":"ReadAction","target":["https:\/\/camping-chateau-oseraie.fr\/de\/videogalerie\/"]}]},{"@type":"BreadcrumbList","@id":"https:\/\/camping-chateau-oseraie.fr\/de\/videogalerie\/#breadcrumb","itemListElement":[{"@type":"ListItem","position":1,"name":"Accueil","item":"https:\/\/camping-chateau-oseraie.fr\/"},{"@type":"ListItem","position":2,"name":"Videogalerie"}]},{"@type":"WebSite","@id":"https:\/\/camping-chateau-oseraie.fr\/#website","url":"https:\/\/camping-chateau-oseraie.fr\/","name":"Camping*** Ch\u00e2teau de l'Oseraie","description":"Camping *** Ch\u00e2teau de l&#039;Oseraie","publisher":{"@id":"https:\/\/camping-chateau-oseraie.fr\/#organization"},"alternateName":"Camping pr\u00e8s de P\u00e9ronne et de l'autoroute A1","potentialAction":[{"@type":"SearchAction","target":{"@type":"EntryPoint","urlTemplate":"https:\/\/camping-chateau-oseraie.fr\/?s={search_term_string}"},"query-input":{"@type":"PropertyValueSpecification","valueRequired":true,"valueName":"search_term_string"}}],"inLanguage":"de"},{"@type":"Organization","@id":"https:\/\/camping-chateau-oseraie.fr\/#organization","name":"Camping *** Ch\u00e2teau de l'Oseraie","alternateName":"Ch\u00e2teau de l'Oseraie, Camping 3 \u00e9toiles","url":"https:\/\/camping-chateau-oseraie.fr\/","logo":{"@type":"ImageObject","inLanguage":"de","@id":"https:\/\/camping-chateau-oseraie.fr\/#\/schema\/logo\/image\/","url":"https:\/\/camping-chateau-oseraie.fr\/wp-content\/uploads\/2024\/02\/logo-chateau-oseraie-jaune.png","contentUrl":"https:\/\/camping-chateau-oseraie.fr\/wp-content\/uploads\/2024\/02\/logo-chateau-oseraie-jaune.png","width":169,"height":220,"caption":"Camping *** Ch\u00e2teau de l'Oseraie"},"image":{"@id":"https:\/\/camping-chateau-oseraie.fr\/#\/schema\/logo\/image\/"},"sameAs":["https:\/\/www.facebook.com\/CampingChateauOseraie","https:\/\/www.instagram.com\/camping_chateau_et_oseraie\/"]}]}},"_links":{"self":[{"href":"https:\/\/camping-chateau-oseraie.fr\/de\/wp-json\/wp\/v2\/pages\/5318","targetHints":{"allow":["GET"]}}],"collection":[{"href":"https:\/\/camping-chateau-oseraie.fr\/de\/wp-json\/wp\/v2\/pages"}],"about":[{"href":"https:\/\/camping-chateau-oseraie.fr\/de\/wp-json\/wp\/v2\/types\/page"}],"author":[{"embeddable":true,"href":"https:\/\/camping-chateau-oseraie.fr\/de\/wp-json\/wp\/v2\/users\/3"}],"replies":[{"embeddable":true,"href":"https:\/\/camping-chateau-oseraie.fr\/de\/wp-json\/wp\/v2\/comments?post=5318"}],"version-history":[{"count":0,"href":"https:\/\/camping-chateau-oseraie.fr\/de\/wp-json\/wp\/v2\/pages\/5318\/revisions"}],"wp:attachment":[{"href":"https:\/\/camping-chateau-oseraie.fr\/de\/wp-json\/wp\/v2\/media?parent=5318"}],"curies":[{"name":"wp","href":"https:\/\/api.w.org\/{rel}","templated":true}]}}